{"id":5861,"date":"2019-03-13T17:46:17","date_gmt":"2019-03-13T17:46:17","guid":{"rendered":"http:\/\/agapepregnancy.wpengine.com\/?page_id=5861"},"modified":"2025-09-08T13:53:59","modified_gmt":"2025-09-08T13:53:59","slug":"contact-des-moines-iowa","status":"publish","type":"page","link":"https:\/\/agapedsm.com\/es\/contact-des-moines-iowa\/","title":{"rendered":"Contacto"},"content":{"rendered":"<div id=\"intro\"  data-column-margin=\"default\" data-midnight=\"light\"  class=\"wpb_row vc_row-fluid vc_row full-width-section vc_row-o-full-height vc_row-o-columns-middle vc_row-o-equal-height vc_row-flex parallax_section\"  style=\"padding-top: 0px; padding-bottom: 0px; \"><div class=\"row-bg-wrap\" data-bg-animation=\"none\" data-bg-animation-delay=\"\" data-bg-overlay=\"true\"><div class=\"inner-wrap row-bg-layer using-image\" ><div class=\"row-bg viewport-desktop using-image using-bg-color lazyload\" data-parallax-speed=\"fast\" style=\"background-image:inherit; background-position: center top; background-repeat: no-repeat; background-color: #454156; \" data-bg-image=\"url(https:\/\/agapedsm.com\/wp-content\/uploads\/2019\/04\/group-of-people-using-smart-phone-for-online-shopping-or-ecommerce-concept-912661174_5472x3648.jpg)\"><\/div><\/div><div class=\"row-bg-overlay row-bg-layer\" style=\"background-color:#253b80;  opacity: 0.5; \"><\/div><\/div><div class=\"row_col_wrap_12 col span_12 light left\">\n\t<div  class=\"vc_col-sm-12 wpb_column column_container vc_column_container col centered-text padding-6-percent inherit_tablet inherit_phone\"  data-padding-pos=\"all\" data-has-bg-color=\"false\" data-bg-color=\"\" data-bg-opacity=\"1\" data-animation=\"\" data-delay=\"0\" >\n\t\t<div class=\"vc_column-inner\" >\n\t\t\t<div class=\"wpb_wrapper\">\n\t\t\t\t<div id=\"fws_69d8579c75c33\" data-midnight=\"\" data-column-margin=\"default\" class=\"wpb_row vc_row-fluid vc_row inner_row\"  style=\"\"><div class=\"row-bg-wrap\"> <div class=\"row-bg\" ><\/div> <\/div><div class=\"row_col_wrap_12_inner col span_12  left\">\n\t<div  class=\"vc_col-sm-12 wpb_column column_container vc_column_container col child_column has-animation no-extra-padding inherit_tablet inherit_phone\"   data-padding-pos=\"all\" data-has-bg-color=\"false\" data-bg-color=\"\" data-bg-opacity=\"1\" data-animation=\"fade-in-from-bottom\" data-delay=\"0\" >\n\t\t<div class=\"vc_column-inner\" >\n\t\t<div class=\"wpb_wrapper\">\n\t\t\t\n<div class=\"wpb_text_column wpb_content_element\" style=\" max-width: 700px; display: inline-block;\">\n\t<div class=\"wpb_wrapper\">\n\t\t<h1>Contactar AGAPE<\/h1>\n\t<\/div>\n<\/div>\n\n\n\n\n\t\t<\/div> \n\t<\/div>\n\t<\/div> \n<\/div><\/div><div id=\"fws_69d8579c7656c\" data-midnight=\"\" data-column-margin=\"default\" class=\"wpb_row vc_row-fluid vc_row inner_row\"  style=\"\"><div class=\"row-bg-wrap\"> <div class=\"row-bg\" ><\/div> <\/div><div class=\"row_col_wrap_12_inner col span_12  left\">\n\t<div  class=\"vc_col-sm-12 wpb_column column_container vc_column_container col child_column padding-4-percent column_element_direction_desktop_horizontal force-desktop-text-align-center el_spacing_20px inherit_tablet inherit_phone\"   data-padding-pos=\"all\" data-has-bg-color=\"false\" data-bg-color=\"\" data-bg-opacity=\"1\" data-animation=\"\" data-delay=\"0\" >\n\t\t<div class=\"vc_column-inner\" >\n\t\t<div class=\"wpb_wrapper\">\n\t\t\t<a class=\"nectar-button jumbo regular extra-color-1  wpb_animate_when_almost_visible wpb_fadeInUp fadeInUp regular-button\"  role=\"button\" style=\"\"  href=\"\/es\/appointment\/\" data-color-override=\"false\" data-hover-color-override=\"false\" data-hover-text-color-override=\"#fff\"><span>Agendar una cita de trabajo<\/span><\/a><a class=\"nectar-button jumbo see-through-2  wpb_animate_when_almost_visible wpb_fadeInUp fadeInUp\"  role=\"button\" style=\"border-color: #ffffff; color: #ffffff;\"  href=\"#adoption-services\" data-color-override=\"#ffffff\"  data-hover-color-override=\"#169bd7\" data-hover-text-color-override=\"#ffffff\"><span>Servicios de adopci\u00f3n<\/span><\/a>\n\t\t<\/div> \n\t<\/div>\n\t<\/div> \n<\/div><\/div>\n\t\t\t<\/div> \n\t\t<\/div>\n\t<\/div> \n<\/div><\/div>\n\t\t<div id=\"fws_69d8579c7763a\"  data-column-margin=\"default\" data-midnight=\"light\"  class=\"wpb_row vc_row-fluid vc_row full-width-content vc_row-o-equal-height vc_row-flex\"  style=\"padding-top: 0px; padding-bottom: 0px; \"><div class=\"row-bg-wrap\" data-bg-animation=\"none\" data-bg-animation-delay=\"\" data-bg-overlay=\"false\"><div class=\"inner-wrap row-bg-layer\" ><div class=\"row-bg viewport-desktop using-bg-color\"  style=\"background-color: #ededed; \"><\/div><\/div><\/div><div class=\"row_col_wrap_12 col span_12 light left\">\n\t<div  class=\"vc_col-sm-6 wpb_column column_container vc_column_container col has-animation no-extra-padding inherit_tablet inherit_phone\"  data-padding-pos=\"all\" data-has-bg-color=\"false\" data-bg-color=\"\" data-bg-opacity=\"1\" data-animation=\"grow-in\" data-delay=\"200\" >\n\t\t<div class=\"vc_column-inner\" >\n\t\t\t<div class=\"wpb_wrapper\">\n\t\t\t\t\n\t<div class=\"wpb_raw_code wpb_raw_html wpb_content_element\" >\n\t\t<div class=\"wpb_wrapper\">\n\t\t\t<iframe data-src=\"https:\/\/www.google.com\/maps\/embed?pb=!1m18!1m12!1m3!1d378.25702885581944!2d-93.64786133656749!3d41.6180067117769!2m3!1f0!2f0!3f0!3m2!1i1024!2i768!4f13.1!3m3!1m2!1s0x0%3A0x0!2zNDHCsDM3JzA0LjYiTiA5M8KwMzgnNTIuMCJX!5e0!3m2!1sen!2sus!4v1580265034894!5m2!1sen!2sus\" width=\"100%\" height=\"800\" frameborder=\"0\" style=\"border:0;\" allowfullscreen=\"\" src=\"data:image\/svg+xml;base64,PHN2ZyB3aWR0aD0iMSIgaGVpZ2h0PSIxIiB4bWxucz0iaHR0cDovL3d3dy53My5vcmcvMjAwMC9zdmciPjwvc3ZnPg==\" class=\"lazyload\" data-load-mode=\"1\"><\/iframe>\n\t\t<\/div>\n\t<\/div>\n\n\t\t\t<\/div> \n\t\t<\/div>\n\t<\/div> \n\n\t<div style=\" color: #ffffff;\" class=\"vc_col-sm-6 wpb_column column_container vc_column_container col has-animation padding-6-percent inherit_tablet inherit_phone\" data-cfc=\"true\" data-using-bg=\"true\" data-bg-cover=\"true\" data-padding-pos=\"all\" data-has-bg-color=\"true\" data-bg-color=\"#737781\" data-bg-opacity=\"0.9\" data-animation=\"grow-in\" data-delay=\"300\" >\n\t\t<div class=\"vc_column-inner\" ><div class=\"column-image-bg-wrap column-bg-layer viewport-desktop\" data-bg-pos=\"center center\" data-bg-animation=\"none\" data-bg-overlay=\"false\"><div class=\"inner-wrap\"><div class=\"column-image-bg\" style=\"\"><\/div><\/div><\/div><div class=\"column-bg-overlay-wrap column-bg-layer\" data-bg-animation=\"none\"><div class=\"column-bg-overlay\" style=\"opacity: 0.9; background-color: #737781;\"><\/div><\/div>\n\t\t\t<div class=\"wpb_wrapper\">\n\t\t\t\t<h3 style=\"text-align: left\" class=\"vc_custom_heading vc_do_custom_heading\" >Cl\u00ednica Des Moines<\/h3>\n<div class=\"wpb_text_column wpb_content_element\" >\n\t<div class=\"wpb_wrapper\">\n\t\t<div><span style=\"text-decoration: underline;\"><a style=\"text-decoration: underline;\" href=\"https:\/\/share.google\/Ng1FdTgBFCaByKkOq\">2550 Martin Luther King Jr Pkwy, Des Moines, IA 50310<\/a><\/span><br \/>\nPh. <span style=\"text-decoration: underline;\"><a style=\"text-decoration: underline;\" href=\"tel:5152550243\">515.255.0243<\/a><\/span><\/div>\n<div>\n<p>Lunes a mi\u00e9rcoles: 9:00 am \u2013 4:00 pm<br \/>\nJueves: 9:00 am \u2013 7:00 pm<br \/>\nViernes-Domingo: Cerrado<br \/>\n<em>\u00a1Bienvenidos los visitantes sin cita previa!<\/em><\/p>\n<\/div>\n\t<\/div>\n<\/div>\n\n\n\n<div class=\"divider-wrap\" data-alignment=\"default\"><div style=\"height: 25px;\" class=\"divider\"><\/div><\/div><h3 style=\"text-align: left\" class=\"vc_custom_heading vc_do_custom_heading\" >Cl\u00ednica Indianola<\/h3>\n<div class=\"wpb_text_column wpb_content_element\" >\n\t<div class=\"wpb_wrapper\">\n\t\t<div>Primera Asamblea de Dios (Puerta del lado este)<br \/>\n<a href=\"https:\/\/share.google\/b8Im1rCwgfpgj2JgA\"><span style=\"text-decoration: underline;\">1700 W 2nd Ave, Indianola, IA 50125<\/span><\/a><br \/>\nPh. <span style=\"text-decoration: underline;\"><a href=\"tel:5152550243\">515.255.0243<\/a><\/span><\/div>\n<div>\n<p>Thursdays: 1:00pm &#8211; 3:00pm (by appointment only)<\/p>\n<\/div>\n\t<\/div>\n<\/div>\n\n\n\n<div class=\"divider-wrap\" data-alignment=\"default\"><div style=\"height: 25px;\" class=\"divider\"><\/div><\/div><h3 style=\"text-align: left\" class=\"vc_custom_heading vc_do_custom_heading\" >Centro de Recursos<\/h3>\n<div class=\"wpb_text_column wpb_content_element\" >\n\t<div class=\"wpb_wrapper\">\n\t\t<div><span style=\"text-decoration: underline;\"><a href=\"https:\/\/share.google\/Pd30uoZMSq10rL2C7\">2222 Bennett Ave, Des Moines, IA 50310<\/a><\/span><br \/>\nPh. <span style=\"text-decoration: underline;\"><a href=\"tel:5152550243\">515.255.0243<\/a><\/span><\/div>\n<div>\n<p>Monday-Wednesday: 9:00am &#8211; 4:00pm<br \/>\nThursdays: 9:00am &#8211; 7:00pm<br \/>\nViernes-Domingo: Cerrado<br \/>\n<em>Con cita<\/em><\/p>\n<\/div>\n\t<\/div>\n<\/div>\n\n\n\n\n\t\t\t<\/div> \n\t\t<\/div>\n\t<\/div> \n<\/div><\/div>\n\t\t<div id=\"fws_69d8579c796e8\"  data-column-margin=\"default\" data-midnight=\"light\" data-top-percent=\"7%\" data-bottom-percent=\"6%\"  class=\"wpb_row vc_row-fluid vc_row full-width-section\"  style=\"padding-top: calc(100vw * 0.07); padding-bottom: calc(100vw * 0.06); \"><div class=\"row-bg-wrap\" data-bg-animation=\"none\" data-bg-animation-delay=\"\" data-bg-overlay=\"true\"><div class=\"inner-wrap row-bg-layer using-image\" ><div class=\"row-bg viewport-desktop using-image lazyload\"  style=\"background-image:inherit; background-position: center top; background-repeat: no-repeat; \" data-bg-image=\"url(https:\/\/agapedsm.com\/wp-content\/uploads\/2019\/03\/office-appointment.jpg)\"><\/div><\/div><div class=\"row-bg-overlay row-bg-layer\" style=\"background-color:#253b80;  opacity: 0.95; \"><\/div><\/div><div class=\"row_col_wrap_12 col span_12 light center\">\n\t<div  class=\"vc_col-sm-2 wpb_column column_container vc_column_container col no-extra-padding inherit_tablet inherit_phone\"  data-padding-pos=\"all\" data-has-bg-color=\"false\" data-bg-color=\"\" data-bg-opacity=\"1\" data-animation=\"\" data-delay=\"0\" >\n\t\t<div class=\"vc_column-inner\" >\n\t\t\t<div class=\"wpb_wrapper\">\n\t\t\t\t\n\t\t\t<\/div> \n\t\t<\/div>\n\t<\/div> \n\n\t<div  class=\"vc_col-sm-8 wpb_column column_container vc_column_container col centered-text no-extra-padding inherit_tablet inherit_phone\"  data-padding-pos=\"all\" data-has-bg-color=\"false\" data-bg-color=\"\" data-bg-opacity=\"1\" data-animation=\"\" data-delay=\"0\" >\n\t\t<div class=\"vc_column-inner\" >\n\t\t\t<div class=\"wpb_wrapper\">\n\t\t\t\t<h3 style=\"font-size: 32px;color: #ffffff;line-height: 1.15;text-align: center\" class=\"vc_custom_heading vc_do_custom_heading\" >Perm\u00edtanos ayudarle a determinar los pr\u00f3ximos pasos.<\/h3><div class=\"divider-wrap\" data-alignment=\"default\"><div style=\"height: 10px;\" class=\"divider\"><\/div><\/div><a class=\"nectar-button large see-through-2\"  role=\"button\" style=\"margin-top: 20px; margin-right: 20px; border-color: #ffffff; color: #ffffff;\"  href=\"\/es\/appointment\/\" data-color-override=\"#ffffff\"  data-hover-color-override=\"#474747\" data-hover-text-color-override=\"#ffffff\"><span>Agendar una cita de trabajo<\/span><\/a>\n\t\t\t<\/div> \n\t\t<\/div>\n\t<\/div> \n\n\t<div  class=\"vc_col-sm-2 wpb_column column_container vc_column_container col no-extra-padding inherit_tablet inherit_phone\"  data-padding-pos=\"all\" data-has-bg-color=\"false\" data-bg-color=\"\" data-bg-opacity=\"1\" data-animation=\"\" data-delay=\"0\" >\n\t\t<div class=\"vc_column-inner\" >\n\t\t\t<div class=\"wpb_wrapper\">\n\t\t\t\t\n\t\t\t<\/div> \n\t\t<\/div>\n\t<\/div> \n<\/div><\/div>","protected":false},"excerpt":{"rendered":"Comun\u00edquese con AGAPE Programe una cita Servicios de adopci\u00f3n Des Moines Clinic 2550 Martin Luther King Jr Pkwy, Des Moines, IA 50310 Tel. 515.255.0243 Lunes a mi\u00e9rcoles: 9:00 am \u2013 4:00 pm...","protected":false},"author":8,"featured_media":0,"parent":0,"menu_order":0,"comment_status":"closed","ping_status":"closed","template":"","meta":{"_acf_changed":false,"om_disable_all_campaigns":false,"_monsterinsights_skip_tracking":false,"_monsterinsights_sitenote_active":false,"_monsterinsights_sitenote_note":"","_monsterinsights_sitenote_category":0,"_uf_show_specific_survey":0,"_uf_disable_surveys":false,"footnotes":"","_links_to":"","_links_to_target":""},"class_list":["post-5861","page","type-page","status-publish"],"acf":[],"yoast_head":"<!-- This site is optimized with the Yoast SEO Premium plugin v27.2 (Yoast SEO v27.2) - https:\/\/yoast.com\/product\/yoast-seo-premium-wordpress\/ -->\n<title>Contact Us - AGAPE | Des Moines, Iowa<\/title>\n<meta name=\"description\" content=\"Questions? Comments? Contact us here. We are here to help women and men facing an unplanned pregnancy in Des Moines, Iowa.\" \/>\n<meta name=\"robots\" content=\"index, follow, max-snippet:-1, max-image-preview:large, max-video-preview:-1\" \/>\n<link rel=\"canonical\" href=\"https:\/\/agapedsm.com\/es\/contact-des-moines-iowa\/\" \/>\n<meta property=\"og:locale\" content=\"es_MX\" \/>\n<meta property=\"og:type\" content=\"article\" \/>\n<meta property=\"og:title\" content=\"Contact\" \/>\n<meta property=\"og:description\" content=\"Questions? Comments? Contact us here. We are here to help women and men facing an unplanned pregnancy in Des Moines, Iowa.\" \/>\n<meta property=\"og:url\" content=\"https:\/\/agapedsm.com\/es\/contact-des-moines-iowa\/\" \/>\n<meta property=\"og:site_name\" content=\"AGAPE\" \/>\n<meta property=\"article:publisher\" content=\"https:\/\/www.facebook.com\/AgapeDSM\/\" \/>\n<meta property=\"article:modified_time\" content=\"2025-09-08T13:53:59+00:00\" \/>\n<meta name=\"twitter:card\" content=\"summary_large_image\" \/>\n<meta name=\"twitter:label1\" content=\"Tiempo de lectura\" \/>\n\t<meta name=\"twitter:data1\" content=\"2 minutos\" \/>\n<script type=\"application\/ld+json\" class=\"yoast-schema-graph\">{\"@context\":\"https:\/\/schema.org\",\"@graph\":[{\"@type\":\"WebPage\",\"@id\":\"https:\/\/agapedsm.com\/contact-des-moines-iowa\/\",\"url\":\"https:\/\/agapedsm.com\/contact-des-moines-iowa\/\",\"name\":\"Contact Us - AGAPE | Des Moines, Iowa\",\"isPartOf\":{\"@id\":\"https:\/\/agapedsm.com\/#website\"},\"datePublished\":\"2019-03-13T17:46:17+00:00\",\"dateModified\":\"2025-09-08T13:53:59+00:00\",\"description\":\"Questions? Comments? Contact us here. We are here to help women and men facing an unplanned pregnancy in Des Moines, Iowa.\",\"breadcrumb\":{\"@id\":\"https:\/\/agapedsm.com\/contact-des-moines-iowa\/#breadcrumb\"},\"inLanguage\":\"es\",\"potentialAction\":[{\"@type\":\"ReadAction\",\"target\":[\"https:\/\/agapedsm.com\/contact-des-moines-iowa\/\"]}]},{\"@type\":\"BreadcrumbList\",\"@id\":\"https:\/\/agapedsm.com\/contact-des-moines-iowa\/#breadcrumb\",\"itemListElement\":[{\"@type\":\"ListItem\",\"position\":1,\"name\":\"Home\",\"item\":\"https:\/\/agapedsm.com\/\"},{\"@type\":\"ListItem\",\"position\":2,\"name\":\"Contact\"}]},{\"@type\":\"WebSite\",\"@id\":\"https:\/\/agapedsm.com\/#website\",\"url\":\"https:\/\/agapedsm.com\/\",\"name\":\"AGAPE\",\"description\":\"Providing Help. Giving Hope.\",\"publisher\":{\"@id\":\"https:\/\/agapedsm.com\/#organization\"},\"potentialAction\":[{\"@type\":\"SearchAction\",\"target\":{\"@type\":\"EntryPoint\",\"urlTemplate\":\"https:\/\/agapedsm.com\/?s={search_term_string}\"},\"query-input\":{\"@type\":\"PropertyValueSpecification\",\"valueRequired\":true,\"valueName\":\"search_term_string\"}}],\"inLanguage\":\"es\"},{\"@type\":\"Organization\",\"@id\":\"https:\/\/agapedsm.com\/#organization\",\"name\":\"AGAPE\",\"url\":\"https:\/\/agapedsm.com\/\",\"logo\":{\"@type\":\"ImageObject\",\"inLanguage\":\"es\",\"@id\":\"https:\/\/agapedsm.com\/#\/schema\/logo\/image\/\",\"url\":\"https:\/\/agapedsm.com\/wp-content\/uploads\/2024\/03\/Agape-V_Tag-Color.png\",\"contentUrl\":\"https:\/\/agapedsm.com\/wp-content\/uploads\/2024\/03\/Agape-V_Tag-Color.png\",\"width\":1843,\"height\":1366,\"caption\":\"AGAPE\"},\"image\":{\"@id\":\"https:\/\/agapedsm.com\/#\/schema\/logo\/image\/\"},\"sameAs\":[\"https:\/\/www.facebook.com\/AgapeDSM\/\",\"https:\/\/www.instagram.com\/agapedsm\/\"]}]}<\/script>\n<!-- \/ Yoast SEO Premium plugin. -->","yoast_head_json":{"title":"Contact Us - AGAPE | Des Moines, Iowa","description":"Questions? Comments? Contact us here. We are here to help women and men facing an unplanned pregnancy in Des Moines, Iowa.","robots":{"index":"index","follow":"follow","max-snippet":"max-snippet:-1","max-image-preview":"max-image-preview:large","max-video-preview":"max-video-preview:-1"},"canonical":"https:\/\/agapedsm.com\/es\/contact-des-moines-iowa\/","og_locale":"es_MX","og_type":"article","og_title":"Contact","og_description":"Questions? Comments? Contact us here. We are here to help women and men facing an unplanned pregnancy in Des Moines, Iowa.","og_url":"https:\/\/agapedsm.com\/es\/contact-des-moines-iowa\/","og_site_name":"AGAPE","article_publisher":"https:\/\/www.facebook.com\/AgapeDSM\/","article_modified_time":"2025-09-08T13:53:59+00:00","twitter_card":"summary_large_image","twitter_misc":{"Tiempo de lectura":"2 minutos"},"schema":{"@context":"https:\/\/schema.org","@graph":[{"@type":"WebPage","@id":"https:\/\/agapedsm.com\/contact-des-moines-iowa\/","url":"https:\/\/agapedsm.com\/contact-des-moines-iowa\/","name":"Contact Us - AGAPE | Des Moines, Iowa","isPartOf":{"@id":"https:\/\/agapedsm.com\/#website"},"datePublished":"2019-03-13T17:46:17+00:00","dateModified":"2025-09-08T13:53:59+00:00","description":"Questions? Comments? Contact us here. We are here to help women and men facing an unplanned pregnancy in Des Moines, Iowa.","breadcrumb":{"@id":"https:\/\/agapedsm.com\/contact-des-moines-iowa\/#breadcrumb"},"inLanguage":"es","potentialAction":[{"@type":"ReadAction","target":["https:\/\/agapedsm.com\/contact-des-moines-iowa\/"]}]},{"@type":"BreadcrumbList","@id":"https:\/\/agapedsm.com\/contact-des-moines-iowa\/#breadcrumb","itemListElement":[{"@type":"ListItem","position":1,"name":"Home","item":"https:\/\/agapedsm.com\/"},{"@type":"ListItem","position":2,"name":"Contact"}]},{"@type":"WebSite","@id":"https:\/\/agapedsm.com\/#website","url":"https:\/\/agapedsm.com\/","name":"\u00c1GAPE","description":"Proporcionar ayuda. Dando esperanza.","publisher":{"@id":"https:\/\/agapedsm.com\/#organization"},"potentialAction":[{"@type":"SearchAction","target":{"@type":"EntryPoint","urlTemplate":"https:\/\/agapedsm.com\/?s={search_term_string}"},"query-input":{"@type":"PropertyValueSpecification","valueRequired":true,"valueName":"search_term_string"}}],"inLanguage":"es"},{"@type":"Organization","@id":"https:\/\/agapedsm.com\/#organization","name":"\u00c1GAPE","url":"https:\/\/agapedsm.com\/","logo":{"@type":"ImageObject","inLanguage":"es","@id":"https:\/\/agapedsm.com\/#\/schema\/logo\/image\/","url":"https:\/\/agapedsm.com\/wp-content\/uploads\/2024\/03\/Agape-V_Tag-Color.png","contentUrl":"https:\/\/agapedsm.com\/wp-content\/uploads\/2024\/03\/Agape-V_Tag-Color.png","width":1843,"height":1366,"caption":"AGAPE"},"image":{"@id":"https:\/\/agapedsm.com\/#\/schema\/logo\/image\/"},"sameAs":["https:\/\/www.facebook.com\/AgapeDSM\/","https:\/\/www.instagram.com\/agapedsm\/"]}]}},"_links":{"self":[{"href":"https:\/\/agapedsm.com\/es\/wp-json\/wp\/v2\/pages\/5861","targetHints":{"allow":["GET"]}}],"collection":[{"href":"https:\/\/agapedsm.com\/es\/wp-json\/wp\/v2\/pages"}],"about":[{"href":"https:\/\/agapedsm.com\/es\/wp-json\/wp\/v2\/types\/page"}],"author":[{"embeddable":true,"href":"https:\/\/agapedsm.com\/es\/wp-json\/wp\/v2\/users\/8"}],"replies":[{"embeddable":true,"href":"https:\/\/agapedsm.com\/es\/wp-json\/wp\/v2\/comments?post=5861"}],"version-history":[{"count":0,"href":"https:\/\/agapedsm.com\/es\/wp-json\/wp\/v2\/pages\/5861\/revisions"}],"wp:attachment":[{"href":"https:\/\/agapedsm.com\/es\/wp-json\/wp\/v2\/media?parent=5861"}],"curies":[{"name":"wp","href":"https:\/\/api.w.org\/{rel}","templated":true}]}}