{"id":42752,"date":"2026-05-04T16:34:26","date_gmt":"2026-05-04T16:34:26","guid":{"rendered":"https:\/\/agapedsm.com\/?page_id=42752"},"modified":"2026-05-06T21:50:51","modified_gmt":"2026-05-06T21:50:51","slug":"employment","status":"publish","type":"page","link":"https:\/\/agapedsm.com\/es\/employment\/","title":{"rendered":"Empleo"},"content":{"rendered":"<div id=\"intro\"  data-column-margin=\"default\" data-midnight=\"light\"  class=\"wpb_row vc_row-fluid vc_row full-width-section parallax_section top_padding_tablet_50px bottom_padding_tablet_50px\"  style=\"padding-top: 150px; padding-bottom: 150px; \"><div class=\"row-bg-wrap\" data-bg-animation=\"none\" data-bg-animation-delay=\"\" data-bg-overlay=\"true\"><div class=\"inner-wrap row-bg-layer using-image\" ><div class=\"row-bg viewport-desktop using-image using-bg-color lazyload\" data-parallax-speed=\"fast\" style=\"background-image:inherit; background-position: center top; background-repeat: no-repeat; background-color: #454156; \" data-bg-image=\"url(https:\/\/agapedsm.com\/wp-content\/uploads\/2019\/04\/group-of-people-using-smart-phone-for-online-shopping-or-ecommerce-concept-912661174_5472x3648.jpg)\"><\/div><\/div><div class=\"row-bg-overlay row-bg-layer\" style=\"background-color:#474747;  opacity: 0.3; \"><\/div><\/div><div class=\"row_col_wrap_12 col span_12 light left\">\n\t<div  class=\"vc_col-sm-12 wpb_column column_container vc_column_container col centered-text padding-6-percent inherit_tablet inherit_phone\"  data-padding-pos=\"all\" data-has-bg-color=\"false\" data-bg-color=\"\" data-bg-opacity=\"1\" data-animation=\"\" data-delay=\"0\" >\n\t\t<div class=\"vc_column-inner\" >\n\t\t\t<div class=\"wpb_wrapper\">\n\t\t\t\t<div id=\"fws_6a04e0de2dd08\" data-midnight=\"\" data-column-margin=\"default\" class=\"wpb_row vc_row-fluid vc_row inner_row\"  style=\"\"><div class=\"row-bg-wrap\"> <div class=\"row-bg\" ><\/div> <\/div><div class=\"row_col_wrap_12_inner col span_12  left\">\n\t<div  class=\"vc_col-sm-2 vc_hidden-sm vc_hidden-xs wpb_column column_container vc_column_container col child_column has-animation no-extra-padding inherit_tablet inherit_phone\"   data-padding-pos=\"all\" data-has-bg-color=\"false\" data-bg-color=\"\" data-bg-opacity=\"1\" data-animation=\"fade-in-from-bottom\" data-delay=\"0\" >\n\t\t<div class=\"vc_column-inner\" >\n\t\t<div class=\"wpb_wrapper\">\n\t\t\t\n\t\t<\/div> \n\t<\/div>\n\t<\/div> \n\n\t<div  class=\"vc_col-sm-8 wpb_column column_container vc_column_container col child_column no-extra-padding inherit_tablet inherit_phone\"   data-padding-pos=\"all\" data-has-bg-color=\"false\" data-bg-color=\"\" data-bg-opacity=\"1\" data-animation=\"\" data-delay=\"0\" >\n\t\t<div class=\"vc_column-inner\" >\n\t\t<div class=\"wpb_wrapper\">\n\t\t\t<h1 style=\"color: #ffffff;text-align: center\" class=\"vc_custom_heading vc_do_custom_heading vc_custom_1777577351336\" >Employment at AGAPE<\/h1>\n\t\t<\/div> \n\t<\/div>\n\t<\/div> \n\n\t<div  class=\"vc_col-sm-2 vc_hidden-sm vc_hidden-xs wpb_column column_container vc_column_container col child_column no-extra-padding inherit_tablet inherit_phone\"   data-padding-pos=\"all\" data-has-bg-color=\"false\" data-bg-color=\"\" data-bg-opacity=\"1\" data-animation=\"\" data-delay=\"0\" >\n\t\t<div class=\"vc_column-inner\" >\n\t\t<div class=\"wpb_wrapper\">\n\t\t\t\n\t\t<\/div> \n\t<\/div>\n\t<\/div> \n<\/div><\/div>\n\t\t\t<\/div> \n\t\t<\/div>\n\t<\/div> \n<\/div><\/div>\n\t\t<div id=\"giving\"  data-column-margin=\"default\" data-midnight=\"dark\" data-top-percent=\"4%\" data-bottom-percent=\"4%\"  class=\"wpb_row vc_row-fluid vc_row full-width-section parallax_section\"  style=\"padding-top: calc(100vw * 0.04); padding-bottom: calc(100vw * 0.04); \"><div class=\"row-bg-wrap\" data-bg-animation=\"none\" data-bg-animation-delay=\"\" data-bg-overlay=\"false\"><div class=\"inner-wrap row-bg-layer\" ><div class=\"row-bg viewport-desktop\" data-parallax-speed=\"fast\" style=\"\"><\/div><\/div><\/div><div class=\"row_col_wrap_12 col span_12 dark left\">\n\t<div  class=\"vc_col-sm-12 wpb_column column_container vc_column_container col no-extra-padding inherit_tablet inherit_phone\"  data-padding-pos=\"all\" data-has-bg-color=\"false\" data-bg-color=\"\" data-bg-opacity=\"1\" data-animation=\"\" data-delay=\"0\" >\n\t\t<div class=\"vc_column-inner\" >\n\t\t\t<div class=\"wpb_wrapper\">\n\t\t\t\t<h2 style=\"color: #253b80;text-align: center\" class=\"vc_custom_heading vc_do_custom_heading\" >\u00a1Amo tu trabajo!<\/h2>\n<div class=\"wpb_text_column wpb_content_element\" >\n\t<div class=\"wpb_wrapper\">\n\t\t<p style=\"text-align: center;\">Si amas la misi\u00f3n de AGAPE, entonces realmente te encantar\u00e1 trabajar aqu\u00ed. Comience una carrera gratificante con AGAPE sabiendo que no todos los d\u00edas son <em>f\u00e1cil<\/em>... pero definitivamente es <em>gratificante<\/em>!<\/p>\n<p style=\"text-align: center;\">Please submit your resume and faith story to <a href=\"mailto:director@agapedsm.com\">director@agapedsm.com<\/a>.<\/p>\n\t<\/div>\n<\/div>\n\n\n\n<div class=\"divider-wrap\" data-alignment=\"center\"><div style=\"margin-top: 12.5px; width: 20%; height: 1px; margin-bottom: 12.5px;\" data-width=\"20%\" data-animate=\"\" data-animation-delay=\"\" data-color=\"default\" class=\"divider-small-border\"><\/div><\/div>\n\t\t\t<\/div> \n\t\t<\/div>\n\t<\/div> \n<\/div><\/div>","protected":false},"excerpt":{"rendered":"Employment at AGAPE Love Your Job! If you love the mission of AGAPE, then you'll really love working here. Start a rewarding career with AGAPE...","protected":false},"author":10,"featured_media":0,"parent":0,"menu_order":0,"comment_status":"closed","ping_status":"closed","template":"","meta":{"_acf_changed":false,"om_disable_all_campaigns":false,"_monsterinsights_skip_tracking":false,"_monsterinsights_sitenote_active":false,"_monsterinsights_sitenote_note":"","_monsterinsights_sitenote_category":0,"_uf_show_specific_survey":0,"_uf_disable_surveys":false,"footnotes":"","_links_to":"","_links_to_target":""},"class_list":["post-42752","page","type-page","status-publish"],"acf":[],"yoast_head":"<!-- This site is optimized with the Yoast SEO Premium plugin v27.5 (Yoast SEO v27.5) - https:\/\/yoast.com\/product\/yoast-seo-premium-wordpress\/ -->\n<title>Employment - AGAPE | Des Moines, Iowa<\/title>\n<meta name=\"description\" content=\"Looking to get involved? Our boutique accepts donations of baby clothing, diapers, shampoos, and other items. We also accept gift cards.\" \/>\n<meta name=\"robots\" content=\"index, follow, max-snippet:-1, max-image-preview:large, max-video-preview:-1\" \/>\n<link rel=\"canonical\" href=\"https:\/\/agapedsm.com\/es\/employment\/\" \/>\n<meta property=\"og:locale\" content=\"es_MX\" \/>\n<meta property=\"og:type\" content=\"article\" \/>\n<meta property=\"og:title\" content=\"Employment\" \/>\n<meta property=\"og:description\" content=\"Looking to get involved? Our boutique accepts donations of baby clothing, diapers, shampoos, and other items. We also accept gift cards.\" \/>\n<meta property=\"og:url\" content=\"https:\/\/agapedsm.com\/es\/employment\/\" \/>\n<meta property=\"og:site_name\" content=\"AGAPE\" \/>\n<meta property=\"article:publisher\" content=\"https:\/\/www.facebook.com\/AgapeDSM\/\" \/>\n<meta property=\"article:modified_time\" content=\"2026-05-06T21:50:51+00:00\" \/>\n<meta name=\"twitter:card\" content=\"summary_large_image\" \/>\n<meta name=\"twitter:label1\" content=\"Tiempo de lectura\" \/>\n\t<meta name=\"twitter:data1\" content=\"3 minutos\" \/>\n<script type=\"application\/ld+json\" class=\"yoast-schema-graph\">{\"@context\":\"https:\\\/\\\/schema.org\",\"@graph\":[{\"@type\":\"WebPage\",\"@id\":\"https:\\\/\\\/agapedsm.com\\\/employment\\\/\",\"url\":\"https:\\\/\\\/agapedsm.com\\\/employment\\\/\",\"name\":\"Employment - AGAPE | Des Moines, Iowa\",\"isPartOf\":{\"@id\":\"https:\\\/\\\/agapedsm.com\\\/#website\"},\"datePublished\":\"2026-05-04T16:34:26+00:00\",\"dateModified\":\"2026-05-06T21:50:51+00:00\",\"description\":\"Looking to get involved? Our boutique accepts donations of baby clothing, diapers, shampoos, and other items. We also accept gift cards.\",\"breadcrumb\":{\"@id\":\"https:\\\/\\\/agapedsm.com\\\/employment\\\/#breadcrumb\"},\"inLanguage\":\"es\",\"potentialAction\":[{\"@type\":\"ReadAction\",\"target\":[\"https:\\\/\\\/agapedsm.com\\\/employment\\\/\"]}]},{\"@type\":\"BreadcrumbList\",\"@id\":\"https:\\\/\\\/agapedsm.com\\\/employment\\\/#breadcrumb\",\"itemListElement\":[{\"@type\":\"ListItem\",\"position\":1,\"name\":\"Home\",\"item\":\"https:\\\/\\\/agapedsm.com\\\/\"},{\"@type\":\"ListItem\",\"position\":2,\"name\":\"Employment\"}]},{\"@type\":\"WebSite\",\"@id\":\"https:\\\/\\\/agapedsm.com\\\/#website\",\"url\":\"https:\\\/\\\/agapedsm.com\\\/\",\"name\":\"AGAPE\",\"description\":\"Providing Help. Giving Hope.\",\"publisher\":{\"@id\":\"https:\\\/\\\/agapedsm.com\\\/#organization\"},\"potentialAction\":[{\"@type\":\"SearchAction\",\"target\":{\"@type\":\"EntryPoint\",\"urlTemplate\":\"https:\\\/\\\/agapedsm.com\\\/?s={search_term_string}\"},\"query-input\":{\"@type\":\"PropertyValueSpecification\",\"valueRequired\":true,\"valueName\":\"search_term_string\"}}],\"inLanguage\":\"es\"},{\"@type\":\"Organization\",\"@id\":\"https:\\\/\\\/agapedsm.com\\\/#organization\",\"name\":\"AGAPE\",\"url\":\"https:\\\/\\\/agapedsm.com\\\/\",\"logo\":{\"@type\":\"ImageObject\",\"inLanguage\":\"es\",\"@id\":\"https:\\\/\\\/agapedsm.com\\\/#\\\/schema\\\/logo\\\/image\\\/\",\"url\":\"https:\\\/\\\/agapedsm.com\\\/wp-content\\\/uploads\\\/2024\\\/03\\\/Agape-V_Tag-Color.png\",\"contentUrl\":\"https:\\\/\\\/agapedsm.com\\\/wp-content\\\/uploads\\\/2024\\\/03\\\/Agape-V_Tag-Color.png\",\"width\":1843,\"height\":1366,\"caption\":\"AGAPE\"},\"image\":{\"@id\":\"https:\\\/\\\/agapedsm.com\\\/#\\\/schema\\\/logo\\\/image\\\/\"},\"sameAs\":[\"https:\\\/\\\/www.facebook.com\\\/AgapeDSM\\\/\",\"https:\\\/\\\/www.instagram.com\\\/agapedsm\\\/\"]}]}<\/script>\n<!-- \/ Yoast SEO Premium plugin. -->","yoast_head_json":{"title":"Employment - AGAPE | Des Moines, Iowa","description":"Looking to get involved? Our boutique accepts donations of baby clothing, diapers, shampoos, and other items. We also accept gift cards.","robots":{"index":"index","follow":"follow","max-snippet":"max-snippet:-1","max-image-preview":"max-image-preview:large","max-video-preview":"max-video-preview:-1"},"canonical":"https:\/\/agapedsm.com\/es\/employment\/","og_locale":"es_MX","og_type":"article","og_title":"Employment","og_description":"Looking to get involved? Our boutique accepts donations of baby clothing, diapers, shampoos, and other items. We also accept gift cards.","og_url":"https:\/\/agapedsm.com\/es\/employment\/","og_site_name":"AGAPE","article_publisher":"https:\/\/www.facebook.com\/AgapeDSM\/","article_modified_time":"2026-05-06T21:50:51+00:00","twitter_card":"summary_large_image","twitter_misc":{"Tiempo de lectura":"3 minutos"},"schema":{"@context":"https:\/\/schema.org","@graph":[{"@type":"WebPage","@id":"https:\/\/agapedsm.com\/employment\/","url":"https:\/\/agapedsm.com\/employment\/","name":"Employment - AGAPE | Des Moines, Iowa","isPartOf":{"@id":"https:\/\/agapedsm.com\/#website"},"datePublished":"2026-05-04T16:34:26+00:00","dateModified":"2026-05-06T21:50:51+00:00","description":"Looking to get involved? Our boutique accepts donations of baby clothing, diapers, shampoos, and other items. We also accept gift cards.","breadcrumb":{"@id":"https:\/\/agapedsm.com\/employment\/#breadcrumb"},"inLanguage":"es","potentialAction":[{"@type":"ReadAction","target":["https:\/\/agapedsm.com\/employment\/"]}]},{"@type":"BreadcrumbList","@id":"https:\/\/agapedsm.com\/employment\/#breadcrumb","itemListElement":[{"@type":"ListItem","position":1,"name":"Home","item":"https:\/\/agapedsm.com\/"},{"@type":"ListItem","position":2,"name":"Employment"}]},{"@type":"WebSite","@id":"https:\/\/agapedsm.com\/#website","url":"https:\/\/agapedsm.com\/","name":"\u00c1GAPE","description":"Proporcionar ayuda. Dando esperanza.","publisher":{"@id":"https:\/\/agapedsm.com\/#organization"},"potentialAction":[{"@type":"SearchAction","target":{"@type":"EntryPoint","urlTemplate":"https:\/\/agapedsm.com\/?s={search_term_string}"},"query-input":{"@type":"PropertyValueSpecification","valueRequired":true,"valueName":"search_term_string"}}],"inLanguage":"es"},{"@type":"Organization","@id":"https:\/\/agapedsm.com\/#organization","name":"\u00c1GAPE","url":"https:\/\/agapedsm.com\/","logo":{"@type":"ImageObject","inLanguage":"es","@id":"https:\/\/agapedsm.com\/#\/schema\/logo\/image\/","url":"https:\/\/agapedsm.com\/wp-content\/uploads\/2024\/03\/Agape-V_Tag-Color.png","contentUrl":"https:\/\/agapedsm.com\/wp-content\/uploads\/2024\/03\/Agape-V_Tag-Color.png","width":1843,"height":1366,"caption":"AGAPE"},"image":{"@id":"https:\/\/agapedsm.com\/#\/schema\/logo\/image\/"},"sameAs":["https:\/\/www.facebook.com\/AgapeDSM\/","https:\/\/www.instagram.com\/agapedsm\/"]}]}},"_links":{"self":[{"href":"https:\/\/agapedsm.com\/es\/wp-json\/wp\/v2\/pages\/42752","targetHints":{"allow":["GET"]}}],"collection":[{"href":"https:\/\/agapedsm.com\/es\/wp-json\/wp\/v2\/pages"}],"about":[{"href":"https:\/\/agapedsm.com\/es\/wp-json\/wp\/v2\/types\/page"}],"author":[{"embeddable":true,"href":"https:\/\/agapedsm.com\/es\/wp-json\/wp\/v2\/users\/10"}],"replies":[{"embeddable":true,"href":"https:\/\/agapedsm.com\/es\/wp-json\/wp\/v2\/comments?post=42752"}],"version-history":[{"count":7,"href":"https:\/\/agapedsm.com\/es\/wp-json\/wp\/v2\/pages\/42752\/revisions"}],"predecessor-version":[{"id":42974,"href":"https:\/\/agapedsm.com\/es\/wp-json\/wp\/v2\/pages\/42752\/revisions\/42974"}],"wp:attachment":[{"href":"https:\/\/agapedsm.com\/es\/wp-json\/wp\/v2\/media?parent=42752"}],"curies":[{"name":"wp","href":"https:\/\/api.w.org\/{rel}","templated":true}]}}