{"id":42741,"date":"2026-05-04T16:32:43","date_gmt":"2026-05-04T16:32:43","guid":{"rendered":"https:\/\/agapedsm.com\/?page_id=42741"},"modified":"2026-05-06T22:04:01","modified_gmt":"2026-05-06T22:04:01","slug":"needs","status":"publish","type":"page","link":"https:\/\/agapedsm.com\/es\/needs\/","title":{"rendered":"Needs"},"content":{"rendered":"<div id=\"intro\"  data-column-margin=\"default\" data-midnight=\"light\"  class=\"wpb_row vc_row-fluid vc_row full-width-section parallax_section top_padding_tablet_50px bottom_padding_tablet_50px\"  style=\"padding-top: 150px; padding-bottom: 150px; \"><div class=\"row-bg-wrap\" data-bg-animation=\"none\" data-bg-animation-delay=\"\" data-bg-overlay=\"true\"><div class=\"inner-wrap row-bg-layer using-image\" ><div class=\"row-bg viewport-desktop using-image using-bg-color lazyload\" data-parallax-speed=\"fast\" style=\"background-image:inherit; background-position: center top; background-repeat: no-repeat; background-color: #454156; \" data-bg-image=\"url(https:\/\/agapedsm.com\/wp-content\/uploads\/2023\/08\/Day-1.jpg)\"><\/div><\/div><div class=\"row-bg-overlay row-bg-layer\" style=\"background-color:#474747;  opacity: 0.3; \"><\/div><\/div><div class=\"row_col_wrap_12 col span_12 light left\">\n\t<div  class=\"vc_col-sm-12 wpb_column column_container vc_column_container col centered-text padding-6-percent inherit_tablet inherit_phone\"  data-padding-pos=\"all\" data-has-bg-color=\"false\" data-bg-color=\"\" data-bg-opacity=\"1\" data-animation=\"\" data-delay=\"0\" >\n\t\t<div class=\"vc_column-inner\" >\n\t\t\t<div class=\"wpb_wrapper\">\n\t\t\t\t<div id=\"fws_6a04e6235a2ab\" data-midnight=\"\" data-column-margin=\"default\" class=\"wpb_row vc_row-fluid vc_row inner_row\"  style=\"\"><div class=\"row-bg-wrap\"> <div class=\"row-bg\" ><\/div> <\/div><div class=\"row_col_wrap_12_inner col span_12  left\">\n\t<div  class=\"vc_col-sm-2 vc_hidden-sm vc_hidden-xs wpb_column column_container vc_column_container col child_column has-animation no-extra-padding inherit_tablet inherit_phone\"   data-padding-pos=\"all\" data-has-bg-color=\"false\" data-bg-color=\"\" data-bg-opacity=\"1\" data-animation=\"fade-in-from-bottom\" data-delay=\"0\" >\n\t\t<div class=\"vc_column-inner\" >\n\t\t<div class=\"wpb_wrapper\">\n\t\t\t\n\t\t<\/div> \n\t<\/div>\n\t<\/div> \n\n\t<div  class=\"vc_col-sm-8 wpb_column column_container vc_column_container col child_column no-extra-padding bottom_margin_tablet_0px inherit_tablet inherit_phone\"   data-padding-pos=\"all\" data-has-bg-color=\"false\" data-bg-color=\"\" data-bg-opacity=\"1\" data-animation=\"\" data-delay=\"0\" >\n\t\t<div class=\"vc_column-inner\" >\n\t\t<div class=\"wpb_wrapper\">\n\t\t\t<h1 style=\"color: #ffffff;text-align: center\" class=\"vc_custom_heading vc_do_custom_heading vc_custom_1778104780560\" >Help Fulfill Needs at AGAPE<\/h1><div class=\"divider-wrap height_tablet_0px\" data-alignment=\"default\"><div style=\"height: 25px;\" class=\"divider\"><\/div><\/div>\n\t\t<\/div> \n\t<\/div>\n\t<\/div> \n\n\t<div  class=\"vc_col-sm-2 vc_hidden-sm vc_hidden-xs wpb_column column_container vc_column_container col child_column no-extra-padding inherit_tablet inherit_phone\"   data-padding-pos=\"all\" data-has-bg-color=\"false\" data-bg-color=\"\" data-bg-opacity=\"1\" data-animation=\"\" data-delay=\"0\" >\n\t\t<div class=\"vc_column-inner\" >\n\t\t<div class=\"wpb_wrapper\">\n\t\t\t\n\t\t<\/div> \n\t<\/div>\n\t<\/div> \n<\/div><\/div><div id=\"fws_6a04e6235b514\" data-midnight=\"\" data-column-margin=\"default\" class=\"wpb_row vc_row-fluid vc_row inner_row\"  style=\"\"><div class=\"row-bg-wrap\"> <div class=\"row-bg\" ><\/div> <\/div><div class=\"row_col_wrap_12_inner col span_12  left\">\n\t<div  class=\"vc_col-sm-2 vc_hidden-sm vc_hidden-xs wpb_column column_container vc_column_container col child_column centered-text has-animation no-extra-padding inherit_tablet inherit_phone\"   data-padding-pos=\"all\" data-has-bg-color=\"false\" data-bg-color=\"\" data-bg-opacity=\"1\" data-animation=\"fade-in-from-bottom\" data-delay=\"200\" >\n\t\t<div class=\"vc_column-inner\" >\n\t\t<div class=\"wpb_wrapper\">\n\t\t\t\n\t\t<\/div> \n\t<\/div>\n\t<\/div> \n\n\t<div style=\"margin-top: 20px; \" class=\"vc_col-sm-8 wpb_column column_container vc_column_container col child_column centered-text has-animation no-extra-padding bottom_margin_tablet_0px inherit_tablet inherit_phone\"   data-padding-pos=\"all\" data-has-bg-color=\"false\" data-bg-color=\"\" data-bg-opacity=\"1\" data-animation=\"fade-in-from-bottom\" data-delay=\"150\" >\n\t\t<div class=\"vc_column-inner\" >\n\t\t<div class=\"wpb_wrapper\">\n\t\t\t<a class=\"nectar-button jumbo regular accent-color  regular-button popmake-donate\"  role=\"button\" style=\"\"  href=\"#\" data-color-override=\"false\" data-hover-color-override=\"false\" data-hover-text-color-override=\"#fff\"><span>Done ahora<\/span><\/a>\n\t\t<\/div> \n\t<\/div>\n\t<\/div> \n\n\t<div  class=\"vc_col-sm-2 vc_hidden-sm vc_hidden-xs wpb_column column_container vc_column_container col child_column no-extra-padding inherit_tablet inherit_phone\"   data-padding-pos=\"all\" data-has-bg-color=\"false\" data-bg-color=\"\" data-bg-opacity=\"1\" data-animation=\"\" data-delay=\"0\" >\n\t\t<div class=\"vc_column-inner\" >\n\t\t<div class=\"wpb_wrapper\">\n\t\t\t\n\t\t<\/div> \n\t<\/div>\n\t<\/div> \n<\/div><\/div>\n\t\t\t<\/div> \n\t\t<\/div>\n\t<\/div> \n<\/div><\/div>\n\t\t<div id=\"giving\"  data-column-margin=\"default\" data-midnight=\"dark\" data-top-percent=\"4%\" data-bottom-percent=\"4%\"  class=\"wpb_row vc_row-fluid vc_row full-width-section parallax_section\"  style=\"padding-top: calc(100vw * 0.04); padding-bottom: calc(100vw * 0.04); \"><div class=\"row-bg-wrap\" data-bg-animation=\"none\" data-bg-animation-delay=\"\" data-bg-overlay=\"false\"><div class=\"inner-wrap row-bg-layer\" ><div class=\"row-bg viewport-desktop\" data-parallax-speed=\"fast\" style=\"\"><\/div><\/div><\/div><div class=\"row_col_wrap_12 col span_12 dark left\">\n\t<div  class=\"vc_col-sm-12 wpb_column column_container vc_column_container col no-extra-padding inherit_tablet inherit_phone\"  data-padding-pos=\"all\" data-has-bg-color=\"false\" data-bg-color=\"\" data-bg-opacity=\"1\" data-animation=\"\" data-delay=\"0\" >\n\t\t<div class=\"vc_column-inner\" >\n\t\t\t<div class=\"wpb_wrapper\">\n\t\t\t\t<h2 style=\"color: #253b80;text-align: center\" class=\"vc_custom_heading vc_do_custom_heading\" >Oportunidades de donaciones en especie<\/h2>\n\t\t\t<\/div> \n\t\t<\/div>\n\t<\/div> \n\n\t<div  class=\"vc_col-sm-12 wpb_column column_container vc_column_container col no-extra-padding inherit_tablet inherit_phone\"  data-padding-pos=\"all\" data-has-bg-color=\"false\" data-bg-color=\"\" data-bg-opacity=\"1\" data-animation=\"\" data-delay=\"0\" >\n\t\t<div class=\"vc_column-inner\" >\n\t\t\t<div class=\"wpb_wrapper\">\n\t\t\t\t<div id=\"needs-section\" data-midnight=\"\" data-column-margin=\"default\" class=\"wpb_row vc_row-fluid vc_row inner_row\"  style=\"padding-top: 2%; padding-bottom: 2%; \"><div class=\"row-bg-wrap\"> <div class=\"row-bg\" ><\/div> <\/div><div class=\"row_col_wrap_12_inner col span_12  left\">\n\t<div  class=\"vc_col-sm-4 wpb_column column_container vc_column_container col child_column padding-3-percent inherit_tablet inherit_phone\"   data-border-radius=\"10px\" data-padding-pos=\"all\" data-has-bg-color=\"false\" data-bg-color=\"\" data-bg-opacity=\"1\" data-animation=\"\" data-delay=\"0\" >\n\t\t<div class=\"vc_column-inner\" >\n\t\t<div class=\"wpb_wrapper\">\n\t\t\t\n<div class=\"wpb_text_column wpb_content_element  wpb_animate_when_almost_visible wpb_fadeInUp fadeInUp vc_custom_1698705087790\" >\n\t<div class=\"wpb_wrapper\">\n\t\t<h5>Lista de deseos de Amazon<\/h5>\n\t<\/div>\n<\/div>\n\n\n\n<p style=\"text-align: left\" class=\"vc_custom_heading vc_do_custom_heading wpb_animate_when_almost_visible wpb_fadeInUp fadeInUp vc_custom_1711504450908\" >Apoye a los clientes de AGAPE desde la comodidad de su hogar con nuestra lista continua de necesidades emergentes. \u00a1Haga clic a continuaci\u00f3n y compre! \u00a1Env\u00ede a nuestra ubicaci\u00f3n de Des Moines y corra la voz!<\/p><a class=\"nectar-button large regular accent-color has-icon  regular-button\"  role=\"button\" style=\"margin-top: 20px; \" target=\"_blank\" href=\"https:\/\/www.amazon.com\/registries\/gl\/guest-view\/39QDYS7P53FQH\" data-color-override=\"false\" data-hover-color-override=\"false\" data-hover-text-color-override=\"#fff\"><span>Enlace a la lista de deseos de Amazon<\/span><i  class=\"icon-button-arrow\"><\/i><\/a><div class=\"divider-wrap\" data-alignment=\"default\"><div style=\"height: 15px;\" class=\"divider\"><\/div><\/div>\n\t\t<\/div> \n\t<\/div>\n\t<\/div> \n\n\t<div  class=\"vc_col-sm-4 wpb_column column_container vc_column_container col child_column has-animation padding-3-percent inherit_tablet inherit_phone\"   data-border-radius=\"10px\" data-padding-pos=\"all\" data-has-bg-color=\"false\" data-bg-color=\"\" data-bg-opacity=\"1\" data-animation=\"fade-in-from-bottom\" data-delay=\"0\" >\n\t\t<div class=\"vc_column-inner\" >\n\t\t<div class=\"wpb_wrapper\">\n\t\t\t\n<div class=\"wpb_text_column wpb_content_element  wpb_animate_when_almost_visible wpb_fadeInUp fadeInUp vc_custom_1679784193822\" >\n\t<div class=\"wpb_wrapper\">\n\t\t<h5>fiesta de bienvenida al beb\u00e9<\/h5>\n\t<\/div>\n<\/div>\n\n\n\n<p style=\"text-align: left\" class=\"vc_custom_heading vc_do_custom_heading wpb_animate_when_almost_visible wpb_fadeInUp fadeInUp vc_custom_1711504458489\" >\u00a1Organiza un baby shower para los clientes de AGAPE! Aqu\u00ed est\u00e1 la lista de art\u00edculos que se necesitan en nuestra boutique. \u00a1Esto se puede hacer en cualquier momento y de forma independiente! \u00a1Corre la voz y participa!<\/p><a class=\"nectar-button large regular accent-color has-icon  regular-button\"  role=\"button\" style=\"\"  href=\"https:\/\/agapedsm.com\/wp-content\/uploads\/2024\/05\/Baby-Shower-List1.pdf\" data-color-override=\"false\" data-hover-color-override=\"false\" data-hover-text-color-override=\"#fff\"><span>Lista de baby shower<\/span><i  class=\"icon-button-arrow\"><\/i><\/a><div class=\"divider-wrap\" data-alignment=\"default\"><div style=\"height: 15px;\" class=\"divider\"><\/div><\/div><div class=\"nectar-cta  alignment_tablet_default alignment_phone_default display_tablet_inherit display_phone_inherit\" data-color=\"default\" data-using-bg=\"false\" data-display=\"block\" data-style=\"underline\" data-alignment=\"left\" data-text-color=\"custom\" ><h6 style=\"color: #169bd7;\"> <span class=\"link_wrap\" ><a  class=\"link_text\" style=\"border-color: #169bd7;\" role=\"button\" href=\"mailto:director@agapedsm.com?subject=Baby%20Shower%20Drop%20Off%20Friday%20AM\">Programe una entrega el viernes a la ma\u00f1ana<\/a><\/span><\/h6><\/div><div class=\"nectar-cta  alignment_tablet_default alignment_phone_default display_tablet_inherit display_phone_inherit\" data-color=\"default\" data-using-bg=\"false\" data-display=\"block\" data-style=\"underline\" data-alignment=\"left\" data-text-color=\"custom\" ><h6 style=\"color: #169bd7;\"> <span class=\"link_wrap\" ><a  class=\"link_text\" style=\"border-color: #169bd7;\" role=\"button\" href=\"mailto:resourceserve@agapedsm.com?subject=Baby%20Shower%20Drop%20Off%20TTh\">Programe una entrega de martes a jueves<\/a><\/span><\/h6><\/div>\n\t\t<\/div> \n\t<\/div>\n\t<\/div> \n\n\t<div  class=\"vc_col-sm-4 wpb_column column_container vc_column_container col child_column has-animation padding-3-percent inherit_tablet inherit_phone\"   data-border-radius=\"10px\" data-padding-pos=\"all\" data-has-bg-color=\"false\" data-bg-color=\"\" data-bg-opacity=\"1\" data-animation=\"fade-in-from-bottom\" data-delay=\"0\" >\n\t\t<div class=\"vc_column-inner\" >\n\t\t<div class=\"wpb_wrapper\">\n\t\t\t\n<div class=\"wpb_text_column wpb_content_element  wpb_animate_when_almost_visible wpb_fadeInUp fadeInUp vc_custom_1679784232102\" >\n\t<div class=\"wpb_wrapper\">\n\t\t<h5>Campa\u00f1a de despensa de higiene<\/h5>\n\t<\/div>\n<\/div>\n\n\n\n<p style=\"text-align: left\" class=\"vc_custom_heading vc_do_custom_heading wpb_animate_when_almost_visible wpb_fadeInUp fadeInUp vc_custom_1711504470458\" >\u00a1Organiza una campa\u00f1a de despensa de higiene para los clientes de AGAPE! Aqu\u00ed est\u00e1 la lista de art\u00edculos necesarios en nuestra despensa de higiene. \u00a1Esto se puede hacer en cualquier momento y de forma independiente! \u00a1Corre la voz y participa!<\/p><a class=\"nectar-button large regular accent-color has-icon  regular-button\"  role=\"button\" style=\"margin-top: 20px; \"  href=\"https:\/\/agapedsm.com\/wp-content\/uploads\/2024\/05\/Hygiene-Pantry-List.pdf\" data-color-override=\"false\" data-hover-color-override=\"false\" data-hover-text-color-override=\"#fff\"><span>Lista de despensa<\/span><i  class=\"icon-button-arrow\"><\/i><\/a><div class=\"divider-wrap\" data-alignment=\"default\"><div style=\"height: 15px;\" class=\"divider\"><\/div><\/div><div class=\"nectar-cta  alignment_tablet_default alignment_phone_default display_tablet_inherit display_phone_inherit\" data-color=\"default\" data-using-bg=\"false\" data-display=\"block\" data-style=\"underline\" data-alignment=\"left\" data-text-color=\"custom\" ><h6 style=\"color: #169bd7;\"> <span class=\"link_wrap\" ><a  class=\"link_text\" style=\"border-color: #169bd7;\" role=\"button\" href=\"mailto:director@agapedsm.com?subject=Hygiene%20Pantry%20Drop%20Off%20Friday%20AM\">Programe una entrega el viernes a la ma\u00f1ana<\/a><\/span><\/h6><\/div><div class=\"nectar-cta  alignment_tablet_default alignment_phone_default display_tablet_inherit display_phone_inherit\" data-color=\"default\" data-using-bg=\"false\" data-display=\"block\" data-style=\"underline\" data-alignment=\"left\" data-text-color=\"custom\" ><h6 style=\"color: #169bd7;\"> <span class=\"link_wrap\" ><a  class=\"link_text\" style=\"border-color: #169bd7;\" role=\"button\" href=\"mailto:resourceserve@agapedsm.com?subject=Hygiene%20Pantry%20Drop%20Off%20TTh\">Programe una entrega de martes a jueves<\/a><\/span><\/h6><\/div>\n\t\t<\/div> \n\t<\/div>\n\t<\/div> \n<\/div><\/div>\n\t\t\t<\/div> \n\t\t<\/div>\n\t<\/div> \n<\/div><\/div>","protected":false},"excerpt":{"rendered":"Help Fulfill Needs at AGAPE Donate Now Gift-in-Kind Opportunities Amazon Wish List Support AGAPE's clients from the convenience of your home with our ongoing list...","protected":false},"author":10,"featured_media":0,"parent":0,"menu_order":0,"comment_status":"closed","ping_status":"closed","template":"","meta":{"_acf_changed":false,"om_disable_all_campaigns":false,"_monsterinsights_skip_tracking":false,"_monsterinsights_sitenote_active":false,"_monsterinsights_sitenote_note":"","_monsterinsights_sitenote_category":0,"_uf_show_specific_survey":0,"_uf_disable_surveys":false,"footnotes":"","_links_to":"","_links_to_target":""},"class_list":["post-42741","page","type-page","status-publish"],"acf":[],"yoast_head":"<!-- This site is optimized with the Yoast SEO Premium plugin v27.5 (Yoast SEO v27.5) - https:\/\/yoast.com\/product\/yoast-seo-premium-wordpress\/ -->\n<title>Needs - AGAPE | Des Moines, Iowa<\/title>\n<meta name=\"description\" content=\"Looking to get involved? Our boutique accepts donations of baby clothing, diapers, shampoos, and other items. We also accept gift cards.\" \/>\n<meta name=\"robots\" content=\"index, follow, max-snippet:-1, max-image-preview:large, max-video-preview:-1\" \/>\n<link rel=\"canonical\" href=\"https:\/\/agapedsm.com\/es\/needs\/\" \/>\n<meta property=\"og:locale\" content=\"es_MX\" \/>\n<meta property=\"og:type\" content=\"article\" \/>\n<meta property=\"og:title\" content=\"Needs\" \/>\n<meta property=\"og:description\" content=\"Looking to get involved? Our boutique accepts donations of baby clothing, diapers, shampoos, and other items. We also accept gift cards.\" \/>\n<meta property=\"og:url\" content=\"https:\/\/agapedsm.com\/es\/needs\/\" \/>\n<meta property=\"og:site_name\" content=\"AGAPE\" \/>\n<meta property=\"article:publisher\" content=\"https:\/\/www.facebook.com\/AgapeDSM\/\" \/>\n<meta property=\"article:modified_time\" content=\"2026-05-06T22:04:01+00:00\" \/>\n<meta name=\"twitter:card\" content=\"summary_large_image\" \/>\n<meta name=\"twitter:label1\" content=\"Tiempo de lectura\" \/>\n\t<meta name=\"twitter:data1\" content=\"4 minutos\" \/>\n<script type=\"application\/ld+json\" class=\"yoast-schema-graph\">{\"@context\":\"https:\\\/\\\/schema.org\",\"@graph\":[{\"@type\":\"WebPage\",\"@id\":\"https:\\\/\\\/agapedsm.com\\\/needs\\\/\",\"url\":\"https:\\\/\\\/agapedsm.com\\\/needs\\\/\",\"name\":\"Needs - AGAPE | Des Moines, Iowa\",\"isPartOf\":{\"@id\":\"https:\\\/\\\/agapedsm.com\\\/#website\"},\"datePublished\":\"2026-05-04T16:32:43+00:00\",\"dateModified\":\"2026-05-06T22:04:01+00:00\",\"description\":\"Looking to get involved? Our boutique accepts donations of baby clothing, diapers, shampoos, and other items. We also accept gift cards.\",\"breadcrumb\":{\"@id\":\"https:\\\/\\\/agapedsm.com\\\/needs\\\/#breadcrumb\"},\"inLanguage\":\"es\",\"potentialAction\":[{\"@type\":\"ReadAction\",\"target\":[\"https:\\\/\\\/agapedsm.com\\\/needs\\\/\"]}]},{\"@type\":\"BreadcrumbList\",\"@id\":\"https:\\\/\\\/agapedsm.com\\\/needs\\\/#breadcrumb\",\"itemListElement\":[{\"@type\":\"ListItem\",\"position\":1,\"name\":\"Home\",\"item\":\"https:\\\/\\\/agapedsm.com\\\/\"},{\"@type\":\"ListItem\",\"position\":2,\"name\":\"Needs\"}]},{\"@type\":\"WebSite\",\"@id\":\"https:\\\/\\\/agapedsm.com\\\/#website\",\"url\":\"https:\\\/\\\/agapedsm.com\\\/\",\"name\":\"AGAPE\",\"description\":\"Providing Help. Giving Hope.\",\"publisher\":{\"@id\":\"https:\\\/\\\/agapedsm.com\\\/#organization\"},\"potentialAction\":[{\"@type\":\"SearchAction\",\"target\":{\"@type\":\"EntryPoint\",\"urlTemplate\":\"https:\\\/\\\/agapedsm.com\\\/?s={search_term_string}\"},\"query-input\":{\"@type\":\"PropertyValueSpecification\",\"valueRequired\":true,\"valueName\":\"search_term_string\"}}],\"inLanguage\":\"es\"},{\"@type\":\"Organization\",\"@id\":\"https:\\\/\\\/agapedsm.com\\\/#organization\",\"name\":\"AGAPE\",\"url\":\"https:\\\/\\\/agapedsm.com\\\/\",\"logo\":{\"@type\":\"ImageObject\",\"inLanguage\":\"es\",\"@id\":\"https:\\\/\\\/agapedsm.com\\\/#\\\/schema\\\/logo\\\/image\\\/\",\"url\":\"https:\\\/\\\/agapedsm.com\\\/wp-content\\\/uploads\\\/2024\\\/03\\\/Agape-V_Tag-Color.png\",\"contentUrl\":\"https:\\\/\\\/agapedsm.com\\\/wp-content\\\/uploads\\\/2024\\\/03\\\/Agape-V_Tag-Color.png\",\"width\":1843,\"height\":1366,\"caption\":\"AGAPE\"},\"image\":{\"@id\":\"https:\\\/\\\/agapedsm.com\\\/#\\\/schema\\\/logo\\\/image\\\/\"},\"sameAs\":[\"https:\\\/\\\/www.facebook.com\\\/AgapeDSM\\\/\",\"https:\\\/\\\/www.instagram.com\\\/agapedsm\\\/\"]}]}<\/script>\n<!-- \/ Yoast SEO Premium plugin. -->","yoast_head_json":{"title":"Needs - AGAPE | Des Moines, Iowa","description":"Looking to get involved? Our boutique accepts donations of baby clothing, diapers, shampoos, and other items. We also accept gift cards.","robots":{"index":"index","follow":"follow","max-snippet":"max-snippet:-1","max-image-preview":"max-image-preview:large","max-video-preview":"max-video-preview:-1"},"canonical":"https:\/\/agapedsm.com\/es\/needs\/","og_locale":"es_MX","og_type":"article","og_title":"Needs","og_description":"Looking to get involved? Our boutique accepts donations of baby clothing, diapers, shampoos, and other items. We also accept gift cards.","og_url":"https:\/\/agapedsm.com\/es\/needs\/","og_site_name":"AGAPE","article_publisher":"https:\/\/www.facebook.com\/AgapeDSM\/","article_modified_time":"2026-05-06T22:04:01+00:00","twitter_card":"summary_large_image","twitter_misc":{"Tiempo de lectura":"4 minutos"},"schema":{"@context":"https:\/\/schema.org","@graph":[{"@type":"WebPage","@id":"https:\/\/agapedsm.com\/needs\/","url":"https:\/\/agapedsm.com\/needs\/","name":"Needs - AGAPE | Des Moines, Iowa","isPartOf":{"@id":"https:\/\/agapedsm.com\/#website"},"datePublished":"2026-05-04T16:32:43+00:00","dateModified":"2026-05-06T22:04:01+00:00","description":"Looking to get involved? Our boutique accepts donations of baby clothing, diapers, shampoos, and other items. We also accept gift cards.","breadcrumb":{"@id":"https:\/\/agapedsm.com\/needs\/#breadcrumb"},"inLanguage":"es","potentialAction":[{"@type":"ReadAction","target":["https:\/\/agapedsm.com\/needs\/"]}]},{"@type":"BreadcrumbList","@id":"https:\/\/agapedsm.com\/needs\/#breadcrumb","itemListElement":[{"@type":"ListItem","position":1,"name":"Home","item":"https:\/\/agapedsm.com\/"},{"@type":"ListItem","position":2,"name":"Needs"}]},{"@type":"WebSite","@id":"https:\/\/agapedsm.com\/#website","url":"https:\/\/agapedsm.com\/","name":"\u00c1GAPE","description":"Proporcionar ayuda. Dando esperanza.","publisher":{"@id":"https:\/\/agapedsm.com\/#organization"},"potentialAction":[{"@type":"SearchAction","target":{"@type":"EntryPoint","urlTemplate":"https:\/\/agapedsm.com\/?s={search_term_string}"},"query-input":{"@type":"PropertyValueSpecification","valueRequired":true,"valueName":"search_term_string"}}],"inLanguage":"es"},{"@type":"Organization","@id":"https:\/\/agapedsm.com\/#organization","name":"\u00c1GAPE","url":"https:\/\/agapedsm.com\/","logo":{"@type":"ImageObject","inLanguage":"es","@id":"https:\/\/agapedsm.com\/#\/schema\/logo\/image\/","url":"https:\/\/agapedsm.com\/wp-content\/uploads\/2024\/03\/Agape-V_Tag-Color.png","contentUrl":"https:\/\/agapedsm.com\/wp-content\/uploads\/2024\/03\/Agape-V_Tag-Color.png","width":1843,"height":1366,"caption":"AGAPE"},"image":{"@id":"https:\/\/agapedsm.com\/#\/schema\/logo\/image\/"},"sameAs":["https:\/\/www.facebook.com\/AgapeDSM\/","https:\/\/www.instagram.com\/agapedsm\/"]}]}},"_links":{"self":[{"href":"https:\/\/agapedsm.com\/es\/wp-json\/wp\/v2\/pages\/42741","targetHints":{"allow":["GET"]}}],"collection":[{"href":"https:\/\/agapedsm.com\/es\/wp-json\/wp\/v2\/pages"}],"about":[{"href":"https:\/\/agapedsm.com\/es\/wp-json\/wp\/v2\/types\/page"}],"author":[{"embeddable":true,"href":"https:\/\/agapedsm.com\/es\/wp-json\/wp\/v2\/users\/10"}],"replies":[{"embeddable":true,"href":"https:\/\/agapedsm.com\/es\/wp-json\/wp\/v2\/comments?post=42741"}],"version-history":[{"count":7,"href":"https:\/\/agapedsm.com\/es\/wp-json\/wp\/v2\/pages\/42741\/revisions"}],"predecessor-version":[{"id":42979,"href":"https:\/\/agapedsm.com\/es\/wp-json\/wp\/v2\/pages\/42741\/revisions\/42979"}],"wp:attachment":[{"href":"https:\/\/agapedsm.com\/es\/wp-json\/wp\/v2\/media?parent=42741"}],"curies":[{"name":"wp","href":"https:\/\/api.w.org\/{rel}","templated":true}]}}