{"id":42219,"date":"2026-02-11T22:24:47","date_gmt":"2026-02-11T22:24:47","guid":{"rendered":"https:\/\/agapedsm.com\/?page_id=42219"},"modified":"2026-02-13T15:48:54","modified_gmt":"2026-02-13T15:48:54","slug":"devotional-series","status":"publish","type":"page","link":"https:\/\/agapedsm.com\/es\/devotional-series\/","title":{"rendered":"Serie devocional"},"content":{"rendered":"<div id=\"fws_69d85ac431c25\"  data-column-margin=\"default\" data-midnight=\"dark\"  class=\"wpb_row vc_row-fluid vc_row full-width-section parallax_section\"  style=\"padding-top: 0px; padding-bottom: 0px; \"><div class=\"row-bg-wrap\" data-bg-animation=\"none\" data-bg-animation-delay=\"\" data-bg-overlay=\"true\"><div class=\"inner-wrap row-bg-layer using-image\" ><div class=\"row-bg viewport-desktop using-image using-bg-color lazyload\" data-parallax-speed=\"fast\" style=\"background-image:inherit; background-position: right center; background-repeat: no-repeat; background-color: rgba(142,142,142,0.62); \" data-bg-image=\"url(https:\/\/agapedsm.com\/wp-content\/uploads\/2023\/08\/iStock-1324182245.jpg)\"><\/div><\/div><div class=\"row-bg-overlay row-bg-layer\" style=\"background-color:#474747;  opacity: 0.5; \"><\/div><\/div><div class=\"row_col_wrap_12 col span_12 dark left\">\n\t<div  class=\"vc_col-sm-12 wpb_column column_container vc_column_container col padding-17-percent inherit_tablet inherit_phone\"  data-padding-pos=\"top-bottom\" data-has-bg-color=\"false\" data-bg-color=\"\" data-bg-opacity=\"1\" data-animation=\"\" data-delay=\"0\" >\n\t\t<div class=\"vc_column-inner\" >\n\t\t\t<div class=\"wpb_wrapper\">\n\t\t\t\t<h1 style=\"color: #ffffff;text-align: center\" class=\"vc_custom_heading vc_do_custom_heading\" >Devocionales<\/h1>\n\t\t\t<\/div> \n\t\t<\/div>\n\t<\/div> \n<\/div><\/div>\n\t\t<div id=\"fws_69d85ac432984\"  data-column-margin=\"default\" data-midnight=\"dark\"  class=\"wpb_row vc_row-fluid vc_row\"  style=\"padding-top: 0px; padding-bottom: 0px; \"><div class=\"row-bg-wrap\" data-bg-animation=\"none\" data-bg-animation-delay=\"\" data-bg-overlay=\"false\"><div class=\"inner-wrap row-bg-layer\" ><div class=\"row-bg viewport-desktop\"  style=\"\"><\/div><\/div><\/div><div class=\"row_col_wrap_12 col span_12 dark left\">\n\t<div  class=\"vc_col-sm-12 wpb_column column_container vc_column_container col no-extra-padding inherit_tablet inherit_phone\"  data-padding-pos=\"all\" data-has-bg-color=\"false\" data-bg-color=\"\" data-bg-opacity=\"1\" data-animation=\"\" data-delay=\"0\" >\n\t\t<div class=\"vc_column-inner\" >\n\t\t\t<div class=\"wpb_wrapper\">\n\t\t\t\t<div class=\"divider-wrap\" data-alignment=\"default\"><div style=\"height: 25px;\" class=\"divider\"><\/div><\/div>\n<div class=\"wpb_text_column wpb_content_element\" >\n\t<div class=\"wpb_wrapper\">\n\t\t<p>Queridos amigos,<\/p>\n<p>Estamos entusiasmados de brindar un lugar seguro para que las personas exploren una relaci\u00f3n con Jesucristo. No importa d\u00f3nde aterrices... con fe, sin fe, buscando, sufriendo o simplemente curiosidad, \u00a1sigue leyendo, amigo m\u00edo!<\/p>\n<p>Acurr\u00facate en tu sill\u00f3n favorito, s\u00edrvete una taza de caf\u00e9 y busca un lugar tranquilo. La vida puede ser mucho m\u00e1s rica cuando aprovechamos estos momentos todos los d\u00edas para comprender y conocer que hay esperanza y un prop\u00f3sito en la vida.<\/p>\n<p>Espero que encuentres aliento y algunas respuestas en las siguientes palabras.<\/p>\n<p>Throughout these devotional series, you will be connected to both the ministry of AGAPE and to a man named Jesus Christ.<\/p>\n<p>No dude en compartir estos devocionales con su familia y amigos. Deseamos apoyarlo en la creaci\u00f3n de un patr\u00f3n continuo de aprendizaje sobre qui\u00e9n es Jes\u00fas, lectura de la Biblia, adoraci\u00f3n, oraci\u00f3n y crecimiento.<\/p>\n<p>\u00a1Amamos a cada uno de ustedes y estamos emocionados de ofrecer esta serie para apoyarlos y cuidarlos de una manera tangible!<\/p>\n<p>Rezo para que las palabras traigan verdad, amor y esperanza.<br \/>\nleanna simpson<br \/>\nDirector ejecutivo<\/p>\n\t<\/div>\n<\/div>\n\n\n\n<div class=\"divider-wrap\" data-alignment=\"default\"><div style=\"margin-top: 12.5px; height: 1px; margin-bottom: 12.5px;\" data-width=\"100%\" data-animate=\"\" data-animation-delay=\"\" data-color=\"default\" class=\"divider-border\"><\/div><\/div><div id=\"fws_69d85ac433360\" data-midnight=\"\" data-column-margin=\"default\" class=\"wpb_row vc_row-fluid vc_row inner_row\"  style=\"\"><div class=\"row-bg-wrap\"> <div class=\"row-bg\" ><\/div> <\/div><div class=\"row_col_wrap_12_inner col span_12  center\">\n\t<div  class=\"vc_col-sm-12 wpb_column column_container vc_column_container col child_column no-extra-padding inherit_tablet inherit_phone\"   data-padding-pos=\"all\" data-has-bg-color=\"false\" data-bg-color=\"\" data-bg-opacity=\"1\" data-animation=\"\" data-delay=\"0\" >\n\t\t<div class=\"vc_column-inner\" >\n\t\t<div class=\"wpb_wrapper\">\n\t\t\t\n\t\t<\/div> \n\t<\/div>\n\t<\/div> \n<\/div><\/div>\n\t\t\t<\/div> \n\t\t<\/div>\n\t<\/div> \n<\/div><\/div>\n\t\t<div id=\"fws_69d85ac433c0c\"  data-column-margin=\"default\" data-midnight=\"dark\"  class=\"wpb_row vc_row-fluid vc_row\"  style=\"padding-top: 0px; padding-bottom: 0px; \"><div class=\"row-bg-wrap\" data-bg-animation=\"none\" data-bg-animation-delay=\"\" data-bg-overlay=\"false\"><div class=\"inner-wrap row-bg-layer\" ><div class=\"row-bg viewport-desktop\"  style=\"\"><\/div><\/div><\/div><div class=\"row_col_wrap_12 col span_12 dark left\">\n\t<div  class=\"vc_col-sm-12 wpb_column column_container vc_column_container col no-extra-padding inherit_tablet inherit_phone\"  data-padding-pos=\"all\" data-has-bg-color=\"false\" data-bg-color=\"\" data-bg-opacity=\"1\" data-animation=\"\" data-delay=\"0\" >\n\t\t<div class=\"vc_column-inner\" >\n\t\t\t<div class=\"wpb_wrapper\">\n\t\t\t\t<div class=\"divider-wrap\" data-alignment=\"default\"><div style=\"height: 50px;\" class=\"divider\"><\/div><\/div><h3 style=\"text-align: left;font-family:Abril Fatface;font-weight:400;font-style:normal\" class=\"vc_custom_heading vc_do_custom_heading\" >2026 Lenten Series<\/h3><div id=\"fws_69d85ac4344a3\" data-midnight=\"\" data-column-margin=\"default\" class=\"wpb_row vc_row-fluid vc_row inner_row\"  style=\"\"><div class=\"row-bg-wrap\"> <div class=\"row-bg\" ><\/div> <\/div><div class=\"row_col_wrap_12_inner col span_12  left\">\n\t<div  class=\"vc_col-sm-4 wpb_column column_container vc_column_container col child_column no-extra-padding inherit_tablet inherit_phone\"   data-padding-pos=\"all\" data-has-bg-color=\"false\" data-bg-color=\"\" data-bg-opacity=\"1\" data-animation=\"\" data-delay=\"0\" >\n\t\t<div class=\"vc_column-inner\" >\n\t\t<div class=\"wpb_wrapper\">\n\t\t\t<div class=\"nectar-fancy-box style-5 using-img\" data-align=\"middle\" data-overlay-opacity=\"0.6\" data-overlay-opacity-hover=\"0.2\" data-style=\"parallax_hover\" data-border-radius=\"default\" data-animation=\"\" data-delay=\"\" data-color=\"accent-color\"><a  href=\"https:\/\/agapedsm.com\/es\/devotionals\/no-longer-alone\/\" class=\"box-link\"><\/a><div class=\"parallaxImg\"><div class=\"parallaxImg-layer\" data-img=\"https:\/\/agapedsm.com\/wp-content\/uploads\/2026\/02\/AGAPE-Lenten-2026-1.jpg\"><\/div><div class=\"parallaxImg-layer\"> <div class=\"meta-wrap\" style=\"min-height: 400px\"><div class=\"inner\">D\u00eda 1:<\/p>\n<h3><strong>No Longer Alone<\/strong><\/h3>\n<p>By Leanna Simpson,<br \/>\nAGAPE Executive Director<\/div> <\/div><\/div><\/div><\/div>\n\t\t<\/div> \n\t<\/div>\n\t<\/div> \n\n\t<div  class=\"vc_col-sm-4 wpb_column column_container vc_column_container col child_column no-extra-padding inherit_tablet inherit_phone\"   data-padding-pos=\"all\" data-has-bg-color=\"false\" data-bg-color=\"\" data-bg-opacity=\"1\" data-animation=\"\" data-delay=\"0\" >\n\t\t<div class=\"vc_column-inner\" >\n\t\t<div class=\"wpb_wrapper\">\n\t\t\t<div class=\"nectar-fancy-box style-5 using-img\" data-align=\"middle\" data-overlay-opacity=\"0.6\" data-overlay-opacity-hover=\"0.2\" data-style=\"parallax_hover\" data-border-radius=\"default\" data-animation=\"\" data-delay=\"\" data-color=\"accent-color\"><a  href=\"\/es\/devotionals\/surrender-2\/\" class=\"box-link\"><\/a><div class=\"parallaxImg\"><div class=\"parallaxImg-layer\" data-img=\"https:\/\/agapedsm.com\/wp-content\/uploads\/2026\/02\/AGAPE-Lenten-2026-2-scaled.jpg\"><\/div><div class=\"parallaxImg-layer\"> <div class=\"meta-wrap\" style=\"min-height: 400px\"><div class=\"inner\">Dia 2:<\/p>\n<h3><strong>Rendirse<br \/>\n<\/strong><\/h3>\n<p>By Leanna Simpson,<br \/>\nAGAPE Executive Director<\/div> <\/div><\/div><\/div><\/div>\n\t\t<\/div> \n\t<\/div>\n\t<\/div> \n\n\t<div  class=\"vc_col-sm-4 wpb_column column_container vc_column_container col child_column no-extra-padding inherit_tablet inherit_phone\"   data-padding-pos=\"all\" data-has-bg-color=\"false\" data-bg-color=\"\" data-bg-opacity=\"1\" data-animation=\"\" data-delay=\"0\" >\n\t\t<div class=\"vc_column-inner\" >\n\t\t<div class=\"wpb_wrapper\">\n\t\t\t<div class=\"nectar-fancy-box style-5 using-img\" data-align=\"middle\" data-overlay-opacity=\"0.6\" data-overlay-opacity-hover=\"0.2\" data-style=\"parallax_hover\" data-border-radius=\"default\" data-animation=\"\" data-delay=\"\" data-color=\"accent-color\"><a  href=\"\/es\/devotionals\/freedom-can-be-found\/\" class=\"box-link\"><\/a><div class=\"parallaxImg\"><div class=\"parallaxImg-layer\" data-img=\"https:\/\/agapedsm.com\/wp-content\/uploads\/2026\/02\/AGAPE-Lenten-2026-3-scaled.jpg\"><\/div><div class=\"parallaxImg-layer\"> <div class=\"meta-wrap\" style=\"min-height: 400px\"><div class=\"inner\">D\u00eda 3:<\/p>\n<h3>Freedom Can Be Found<\/h3>\n<p>By Leanna Simpson,<br \/>\nAGAPE Executive Director<\/div> <\/div><\/div><\/div><\/div>\n\t\t<\/div> \n\t<\/div>\n\t<\/div> \n<\/div><\/div><div id=\"fws_69d85ac436250\" data-midnight=\"\" data-column-margin=\"default\" class=\"wpb_row vc_row-fluid vc_row inner_row\"  style=\"\"><div class=\"row-bg-wrap\"> <div class=\"row-bg\" ><\/div> <\/div><div class=\"row_col_wrap_12_inner col span_12  left\">\n\t<div  class=\"vc_col-sm-4 wpb_column column_container vc_column_container col child_column no-extra-padding inherit_tablet inherit_phone\"   data-padding-pos=\"all\" data-has-bg-color=\"false\" data-bg-color=\"\" data-bg-opacity=\"1\" data-animation=\"\" data-delay=\"0\" >\n\t\t<div class=\"vc_column-inner\" >\n\t\t<div class=\"wpb_wrapper\">\n\t\t\t<div class=\"nectar-fancy-box style-5 using-img\" data-align=\"middle\" data-overlay-opacity=\"0.6\" data-overlay-opacity-hover=\"0.2\" data-style=\"parallax_hover\" data-border-radius=\"default\" data-animation=\"\" data-delay=\"\" data-color=\"accent-color\"><a  href=\"\/es\/devotionals\/a-future-and-hope\/\" class=\"box-link\"><\/a><div class=\"parallaxImg\"><div class=\"parallaxImg-layer\" data-img=\"https:\/\/agapedsm.com\/wp-content\/uploads\/2026\/02\/AGAPE-Lenten-2026-4-.jpg\"><\/div><div class=\"parallaxImg-layer\"> <div class=\"meta-wrap\" style=\"min-height: 400px\"><div class=\"inner\">D\u00eda 4:<\/p>\n<h3><strong>A Future and Hope<br \/>\n<\/strong><\/h3>\n<p>By Leanna Simpson,<br \/>\nAGAPE Executive Director<\/div> <\/div><\/div><\/div><\/div>\n\t\t<\/div> \n\t<\/div>\n\t<\/div> \n\n\t<div  class=\"vc_col-sm-4 wpb_column column_container vc_column_container col child_column no-extra-padding inherit_tablet inherit_phone\"   data-padding-pos=\"all\" data-has-bg-color=\"false\" data-bg-color=\"\" data-bg-opacity=\"1\" data-animation=\"\" data-delay=\"0\" >\n\t\t<div class=\"vc_column-inner\" >\n\t\t<div class=\"wpb_wrapper\">\n\t\t\t<div class=\"nectar-fancy-box style-5 using-img\" data-align=\"middle\" data-overlay-opacity=\"0.6\" data-overlay-opacity-hover=\"0.2\" data-style=\"parallax_hover\" data-border-radius=\"default\" data-animation=\"\" data-delay=\"\" data-color=\"accent-color\"><a  href=\"\/es\/devotionals\/jesus-is-the-way\/\" class=\"box-link\"><\/a><div class=\"parallaxImg\"><div class=\"parallaxImg-layer\" data-img=\"https:\/\/agapedsm.com\/wp-content\/uploads\/2026\/02\/AGAPE-Lenten-2026-5-scaled.jpg\"><\/div><div class=\"parallaxImg-layer\"> <div class=\"meta-wrap\" style=\"min-height: 400px\"><div class=\"inner\">Dia 5:<\/p>\n<h3><strong>Jesus is the Way<br \/>\n<\/strong><\/h3>\n<p>By Leanna Simpson,<br \/>\nAGAPE Executive Director<\/div> <\/div><\/div><\/div><\/div>\n\t\t<\/div> \n\t<\/div>\n\t<\/div> \n\n\t<div  class=\"vc_col-sm-4 wpb_column column_container vc_column_container col child_column no-extra-padding inherit_tablet inherit_phone\"   data-padding-pos=\"all\" data-has-bg-color=\"false\" data-bg-color=\"\" data-bg-opacity=\"1\" data-animation=\"\" data-delay=\"0\" >\n\t\t<div class=\"vc_column-inner\" >\n\t\t<div class=\"wpb_wrapper\">\n\t\t\t\n\t\t<\/div> \n\t<\/div>\n\t<\/div> \n<\/div><\/div>\n\t\t\t<\/div> \n\t\t<\/div>\n\t<\/div> \n<\/div><\/div>\n\t\t<div id=\"fws_69d85ac437c26\"  data-column-margin=\"default\" data-midnight=\"dark\"  class=\"wpb_row vc_row-fluid vc_row\"  style=\"padding-top: 0px; padding-bottom: 0px; \"><div class=\"row-bg-wrap\" data-bg-animation=\"none\" data-bg-animation-delay=\"\" data-bg-overlay=\"false\"><div class=\"inner-wrap row-bg-layer\" ><div class=\"row-bg viewport-desktop\"  style=\"\"><\/div><\/div><\/div><div class=\"row_col_wrap_12 col span_12 dark center\">\n\t<div  class=\"vc_col-sm-12 wpb_column column_container vc_column_container col no-extra-padding inherit_tablet inherit_phone\"  data-padding-pos=\"all\" data-has-bg-color=\"false\" data-bg-color=\"\" data-bg-opacity=\"1\" data-animation=\"\" data-delay=\"0\" >\n\t\t<div class=\"vc_column-inner\" >\n\t\t\t<div class=\"wpb_wrapper\">\n\t\t\t\t<div class=\"divider-wrap\" data-alignment=\"default\"><div style=\"height: 100px;\" class=\"divider\"><\/div><\/div><div id=\"fws_69d85ac43834e\" data-midnight=\"\" data-column-margin=\"default\" class=\"wpb_row vc_row-fluid vc_row inner_row\"  style=\"\"><div class=\"row-bg-wrap\"> <div class=\"row-bg\" ><\/div> <\/div><div class=\"row_col_wrap_12_inner col span_12  left\">\n\t<div  class=\"vc_col-sm-1\/5 wpb_column column_container vc_column_container col child_column no-extra-padding inherit_tablet inherit_phone\"   data-padding-pos=\"all\" data-has-bg-color=\"false\" data-bg-color=\"\" data-bg-opacity=\"1\" data-animation=\"\" data-delay=\"0\" >\n\t\t<div class=\"vc_column-inner\" >\n\t\t<div class=\"wpb_wrapper\">\n\t\t\t<a class=\"nectar-button jumbo regular accent-color has-icon  regular-button devotional-pdf-button\"  role=\"button\" style=\"\" target=\"_blank\" href=\"https:\/\/agapedsm.com\/wp-content\/uploads\/2026\/02\/Agape-Devotional-Series_Summer-2024.pdf\" data-color-override=\"false\" data-hover-color-override=\"false\" data-hover-text-color-override=\"#fff\"><span>Summer 2024 Devotional Series PDF<\/span><i  class=\"fa fa-file\"><\/i><\/a>\n\t\t<\/div> \n\t<\/div>\n\t<\/div> \n\n\t<div  class=\"vc_col-sm-1\/5 wpb_column column_container vc_column_container col child_column no-extra-padding inherit_tablet inherit_phone\"   data-padding-pos=\"all\" data-has-bg-color=\"false\" data-bg-color=\"\" data-bg-opacity=\"1\" data-animation=\"\" data-delay=\"0\" >\n\t\t<div class=\"vc_column-inner\" >\n\t\t<div class=\"wpb_wrapper\">\n\t\t\t<a class=\"nectar-button jumbo regular accent-color has-icon  regular-button devotional-pdf-button\"  role=\"button\" style=\"\" target=\"_blank\" href=\"https:\/\/agapedsm.com\/wp-content\/uploads\/2023\/07\/Agape-Devotional-Series_Summer-2023.pdf\" data-color-override=\"false\" data-hover-color-override=\"false\" data-hover-text-color-override=\"#fff\"><span>Serie Devocional Verano 2023 PDF<\/span><i  class=\"fa fa-file\"><\/i><\/a>\n\t\t<\/div> \n\t<\/div>\n\t<\/div> \n\n\t<div  class=\"vc_col-sm-1\/5 wpb_column column_container vc_column_container col child_column no-extra-padding inherit_tablet inherit_phone\"   data-padding-pos=\"all\" data-has-bg-color=\"false\" data-bg-color=\"\" data-bg-opacity=\"1\" data-animation=\"\" data-delay=\"0\" >\n\t\t<div class=\"vc_column-inner\" >\n\t\t<div class=\"wpb_wrapper\">\n\t\t\t<a class=\"nectar-button jumbo regular accent-color has-icon  regular-button devotional-pdf-button\"  role=\"button\" style=\"\" target=\"_blank\" href=\"\/wp-content\/uploads\/2022\/05\/Agape-Devotional-Series_Spring-2022_Web.pdf\" data-color-override=\"false\" data-hover-color-override=\"false\" data-hover-text-color-override=\"#fff\"><span>Serie Devocional Primavera 2022 PDF<\/span><i  class=\"fa fa-file\"><\/i><\/a>\n\t\t<\/div> \n\t<\/div>\n\t<\/div> \n\n\t<div  class=\"vc_col-sm-1\/5 wpb_column column_container vc_column_container col child_column no-extra-padding inherit_tablet inherit_phone\"   data-padding-pos=\"all\" data-has-bg-color=\"false\" data-bg-color=\"\" data-bg-opacity=\"1\" data-animation=\"\" data-delay=\"0\" >\n\t\t<div class=\"vc_column-inner\" >\n\t\t<div class=\"wpb_wrapper\">\n\t\t\t<a class=\"nectar-button jumbo regular accent-color has-icon  regular-button devotional-pdf-button\"  role=\"button\" style=\"\" target=\"_blank\" href=\"\/wp-content\/uploads\/2021\/10\/Agape-Devotional-Series_Fall-2021_HiRes.pdf\" data-color-override=\"false\" data-hover-color-override=\"false\" data-hover-text-color-override=\"#fff\"><span>Serie devocional de oto\u00f1o de 2021 PDF<\/span><i  class=\"fa fa-file\"><\/i><\/a>\n\t\t<\/div> \n\t<\/div>\n\t<\/div> \n\n\t<div  class=\"vc_col-sm-1\/5 wpb_column column_container vc_column_container col child_column no-extra-padding inherit_tablet inherit_phone\"   data-padding-pos=\"all\" data-has-bg-color=\"false\" data-bg-color=\"\" data-bg-opacity=\"1\" data-animation=\"\" data-delay=\"0\" >\n\t\t<div class=\"vc_column-inner\" >\n\t\t<div class=\"wpb_wrapper\">\n\t\t\t<a class=\"nectar-button jumbo regular accent-color has-icon  regular-button devotional-pdf-button\"  role=\"button\" style=\"\" target=\"_blank\" href=\"\/wp-content\/uploads\/2021\/06\/Agape-Devotional-Series.pdf\" data-color-override=\"false\" data-hover-color-override=\"false\" data-hover-text-color-override=\"#fff\"><span>Serie Devocional Verano 2021 PDF<\/span><i  class=\"fa fa-file\"><\/i><\/a>\n\t\t<\/div> \n\t<\/div>\n\t<\/div> \n<\/div><\/div><div class=\"divider-wrap\" data-alignment=\"default\"><div style=\"height: 100px;\" class=\"divider\"><\/div><\/div>\n\t\t\t<\/div> \n\t\t<\/div>\n\t<\/div> \n<\/div><\/div>","protected":false},"excerpt":{"rendered":"Devotionals Dear Friends, We are excited to provide a safe place for people to explore a relationship with Jesus Christ. No matter where you land\u2026faith,...","protected":false},"author":10,"featured_media":0,"parent":0,"menu_order":0,"comment_status":"closed","ping_status":"closed","template":"","meta":{"_acf_changed":false,"om_disable_all_campaigns":false,"_monsterinsights_skip_tracking":false,"_monsterinsights_sitenote_active":false,"_monsterinsights_sitenote_note":"","_monsterinsights_sitenote_category":0,"_uf_show_specific_survey":0,"_uf_disable_surveys":false,"footnotes":"","_links_to":"","_links_to_target":""},"class_list":["post-42219","page","type-page","status-publish"],"acf":[],"yoast_head":"<!-- This site is optimized with the Yoast SEO Premium plugin v27.2 (Yoast SEO v27.2) - https:\/\/yoast.com\/product\/yoast-seo-premium-wordpress\/ -->\n<title>Devotional Series - AGAPE<\/title>\n<meta name=\"description\" content=\"Devotional Series. Throughout these devotional series, you will be connected to both the ministry of Agape and to a man named Jesus Christ.\" \/>\n<meta name=\"robots\" content=\"index, follow, max-snippet:-1, max-image-preview:large, max-video-preview:-1\" \/>\n<link rel=\"canonical\" href=\"https:\/\/agapedsm.com\/es\/devotional-series\/\" \/>\n<meta property=\"og:locale\" content=\"es_MX\" \/>\n<meta property=\"og:type\" content=\"article\" \/>\n<meta property=\"og:title\" content=\"Devotional Series\" \/>\n<meta property=\"og:description\" content=\"Devotional Series. Throughout these devotional series, you will be connected to both the ministry of Agape and to a man named Jesus Christ.\" \/>\n<meta property=\"og:url\" content=\"https:\/\/agapedsm.com\/es\/devotional-series\/\" \/>\n<meta property=\"og:site_name\" content=\"AGAPE\" \/>\n<meta property=\"article:publisher\" content=\"https:\/\/www.facebook.com\/AgapeDSM\/\" \/>\n<meta property=\"article:modified_time\" content=\"2026-02-13T15:48:54+00:00\" \/>\n<meta name=\"twitter:card\" content=\"summary_large_image\" \/>\n<meta name=\"twitter:label1\" content=\"Tiempo de lectura\" \/>\n\t<meta name=\"twitter:data1\" content=\"3 minutos\" \/>\n<script type=\"application\/ld+json\" class=\"yoast-schema-graph\">{\"@context\":\"https:\/\/schema.org\",\"@graph\":[{\"@type\":\"WebPage\",\"@id\":\"https:\/\/agapedsm.com\/devotional-series\/\",\"url\":\"https:\/\/agapedsm.com\/devotional-series\/\",\"name\":\"Devotional Series - AGAPE\",\"isPartOf\":{\"@id\":\"https:\/\/agapedsm.com\/#website\"},\"datePublished\":\"2026-02-11T22:24:47+00:00\",\"dateModified\":\"2026-02-13T15:48:54+00:00\",\"description\":\"Devotional Series. Throughout these devotional series, you will be connected to both the ministry of Agape and to a man named Jesus Christ.\",\"breadcrumb\":{\"@id\":\"https:\/\/agapedsm.com\/devotional-series\/#breadcrumb\"},\"inLanguage\":\"es\",\"potentialAction\":[{\"@type\":\"ReadAction\",\"target\":[\"https:\/\/agapedsm.com\/devotional-series\/\"]}]},{\"@type\":\"BreadcrumbList\",\"@id\":\"https:\/\/agapedsm.com\/devotional-series\/#breadcrumb\",\"itemListElement\":[{\"@type\":\"ListItem\",\"position\":1,\"name\":\"Home\",\"item\":\"https:\/\/agapedsm.com\/\"},{\"@type\":\"ListItem\",\"position\":2,\"name\":\"Devotional Series\"}]},{\"@type\":\"WebSite\",\"@id\":\"https:\/\/agapedsm.com\/#website\",\"url\":\"https:\/\/agapedsm.com\/\",\"name\":\"AGAPE\",\"description\":\"Providing Help. Giving Hope.\",\"publisher\":{\"@id\":\"https:\/\/agapedsm.com\/#organization\"},\"potentialAction\":[{\"@type\":\"SearchAction\",\"target\":{\"@type\":\"EntryPoint\",\"urlTemplate\":\"https:\/\/agapedsm.com\/?s={search_term_string}\"},\"query-input\":{\"@type\":\"PropertyValueSpecification\",\"valueRequired\":true,\"valueName\":\"search_term_string\"}}],\"inLanguage\":\"es\"},{\"@type\":\"Organization\",\"@id\":\"https:\/\/agapedsm.com\/#organization\",\"name\":\"AGAPE\",\"url\":\"https:\/\/agapedsm.com\/\",\"logo\":{\"@type\":\"ImageObject\",\"inLanguage\":\"es\",\"@id\":\"https:\/\/agapedsm.com\/#\/schema\/logo\/image\/\",\"url\":\"https:\/\/agapedsm.com\/wp-content\/uploads\/2024\/03\/Agape-V_Tag-Color.png\",\"contentUrl\":\"https:\/\/agapedsm.com\/wp-content\/uploads\/2024\/03\/Agape-V_Tag-Color.png\",\"width\":1843,\"height\":1366,\"caption\":\"AGAPE\"},\"image\":{\"@id\":\"https:\/\/agapedsm.com\/#\/schema\/logo\/image\/\"},\"sameAs\":[\"https:\/\/www.facebook.com\/AgapeDSM\/\",\"https:\/\/www.instagram.com\/agapedsm\/\"]}]}<\/script>\n<!-- \/ Yoast SEO Premium plugin. -->","yoast_head_json":{"title":"Devotional Series - AGAPE","description":"Devotional Series. Throughout these devotional series, you will be connected to both the ministry of Agape and to a man named Jesus Christ.","robots":{"index":"index","follow":"follow","max-snippet":"max-snippet:-1","max-image-preview":"max-image-preview:large","max-video-preview":"max-video-preview:-1"},"canonical":"https:\/\/agapedsm.com\/es\/devotional-series\/","og_locale":"es_MX","og_type":"article","og_title":"Devotional Series","og_description":"Devotional Series. Throughout these devotional series, you will be connected to both the ministry of Agape and to a man named Jesus Christ.","og_url":"https:\/\/agapedsm.com\/es\/devotional-series\/","og_site_name":"AGAPE","article_publisher":"https:\/\/www.facebook.com\/AgapeDSM\/","article_modified_time":"2026-02-13T15:48:54+00:00","twitter_card":"summary_large_image","twitter_misc":{"Tiempo de lectura":"3 minutos"},"schema":{"@context":"https:\/\/schema.org","@graph":[{"@type":"WebPage","@id":"https:\/\/agapedsm.com\/devotional-series\/","url":"https:\/\/agapedsm.com\/devotional-series\/","name":"Devotional Series - AGAPE","isPartOf":{"@id":"https:\/\/agapedsm.com\/#website"},"datePublished":"2026-02-11T22:24:47+00:00","dateModified":"2026-02-13T15:48:54+00:00","description":"Devotional Series. Throughout these devotional series, you will be connected to both the ministry of Agape and to a man named Jesus Christ.","breadcrumb":{"@id":"https:\/\/agapedsm.com\/devotional-series\/#breadcrumb"},"inLanguage":"es","potentialAction":[{"@type":"ReadAction","target":["https:\/\/agapedsm.com\/devotional-series\/"]}]},{"@type":"BreadcrumbList","@id":"https:\/\/agapedsm.com\/devotional-series\/#breadcrumb","itemListElement":[{"@type":"ListItem","position":1,"name":"Home","item":"https:\/\/agapedsm.com\/"},{"@type":"ListItem","position":2,"name":"Devotional Series"}]},{"@type":"WebSite","@id":"https:\/\/agapedsm.com\/#website","url":"https:\/\/agapedsm.com\/","name":"\u00c1GAPE","description":"Proporcionar ayuda. Dando esperanza.","publisher":{"@id":"https:\/\/agapedsm.com\/#organization"},"potentialAction":[{"@type":"SearchAction","target":{"@type":"EntryPoint","urlTemplate":"https:\/\/agapedsm.com\/?s={search_term_string}"},"query-input":{"@type":"PropertyValueSpecification","valueRequired":true,"valueName":"search_term_string"}}],"inLanguage":"es"},{"@type":"Organization","@id":"https:\/\/agapedsm.com\/#organization","name":"\u00c1GAPE","url":"https:\/\/agapedsm.com\/","logo":{"@type":"ImageObject","inLanguage":"es","@id":"https:\/\/agapedsm.com\/#\/schema\/logo\/image\/","url":"https:\/\/agapedsm.com\/wp-content\/uploads\/2024\/03\/Agape-V_Tag-Color.png","contentUrl":"https:\/\/agapedsm.com\/wp-content\/uploads\/2024\/03\/Agape-V_Tag-Color.png","width":1843,"height":1366,"caption":"AGAPE"},"image":{"@id":"https:\/\/agapedsm.com\/#\/schema\/logo\/image\/"},"sameAs":["https:\/\/www.facebook.com\/AgapeDSM\/","https:\/\/www.instagram.com\/agapedsm\/"]}]}},"_links":{"self":[{"href":"https:\/\/agapedsm.com\/es\/wp-json\/wp\/v2\/pages\/42219","targetHints":{"allow":["GET"]}}],"collection":[{"href":"https:\/\/agapedsm.com\/es\/wp-json\/wp\/v2\/pages"}],"about":[{"href":"https:\/\/agapedsm.com\/es\/wp-json\/wp\/v2\/types\/page"}],"author":[{"embeddable":true,"href":"https:\/\/agapedsm.com\/es\/wp-json\/wp\/v2\/users\/10"}],"replies":[{"embeddable":true,"href":"https:\/\/agapedsm.com\/es\/wp-json\/wp\/v2\/comments?post=42219"}],"version-history":[{"count":13,"href":"https:\/\/agapedsm.com\/es\/wp-json\/wp\/v2\/pages\/42219\/revisions"}],"predecessor-version":[{"id":42289,"href":"https:\/\/agapedsm.com\/es\/wp-json\/wp\/v2\/pages\/42219\/revisions\/42289"}],"wp:attachment":[{"href":"https:\/\/agapedsm.com\/es\/wp-json\/wp\/v2\/media?parent=42219"}],"curies":[{"name":"wp","href":"https:\/\/api.w.org\/{rel}","templated":true}]}}