{"id":12872,"date":"2022-08-31T00:45:43","date_gmt":"2022-08-31T00:45:43","guid":{"rendered":"https:\/\/agapedsm.com\/?page_id=12872"},"modified":"2023-11-28T14:18:12","modified_gmt":"2023-11-28T14:18:12","slug":"give","status":"publish","type":"page","link":"https:\/\/agapedsm.com\/es\/give\/","title":{"rendered":"Dar"},"content":{"rendered":"<div id=\"fws_69d8573616da0\"  data-column-margin=\"default\" data-midnight=\"dark\" data-top-percent=\"16%\" data-bottom-percent=\"16%\"  class=\"wpb_row vc_row-fluid vc_row full-width-section\"  style=\"padding-top: calc(100vw * 0.16); padding-bottom: calc(100vw * 0.16); \"><div class=\"row-bg-wrap\" data-bg-animation=\"zoom-out\" data-bg-animation-delay=\"\" data-bg-overlay=\"true\"><div class=\"inner-wrap row-bg-layer using-image\" ><div class=\"row-bg viewport-desktop using-image lazyload\"  style=\"background-image:inherit; background-position: center center; background-repeat: no-repeat; \" data-bg-image=\"url(https:\/\/agapedsm.com\/wp-content\/uploads\/2022\/05\/bigstock-Woman-look-at-the-top-of-the-m-414528737-day3-scaled.jpg)\"><\/div><\/div><div class=\"row-bg-overlay row-bg-layer\" style=\"background-color:#ffffff;  opacity: 0.8; \"><\/div><\/div><div class=\"row_col_wrap_12 col span_12 dark left\">\n\t<div  class=\"vc_col-sm-12 wpb_column column_container vc_column_container col padding-2-percent\"  data-padding-pos=\"all\" data-has-bg-color=\"false\" data-bg-color=\"\" data-bg-opacity=\"1\" data-animation=\"\" data-delay=\"0\" >\n\t\t<div class=\"vc_column-inner\" >\n\t\t\t<div class=\"wpb_wrapper\">\n\t\t\t\t<div id=\"fws_69d857361765a\" data-midnight=\"\" data-column-margin=\"default\" class=\"wpb_row vc_row-fluid vc_row inner_row\"  style=\"\"><div class=\"row-bg-wrap\"> <div class=\"row-bg\" ><\/div> <\/div><div class=\"row_col_wrap_12_inner col span_12  left\">\n\t<div  class=\"vc_col-sm-6 wpb_column column_container vc_column_container col child_column no-extra-padding\"   data-padding-pos=\"all\" data-has-bg-color=\"false\" data-bg-color=\"\" data-bg-opacity=\"1\" data-animation=\"\" data-delay=\"0\" >\n\t\t<div class=\"vc_column-inner\" >\n\t\t<div class=\"wpb_wrapper\">\n\t\t\t\n<div class=\"wpb_text_column wpb_content_element  wpb_animate_when_almost_visible wpb_fadeInUp fadeInUp\" >\n\t<div class=\"wpb_wrapper\">\n\t\t<h3><strong>DAR EN L\u00cdNEA<br \/>\n<\/strong><\/h3>\n\t<\/div>\n<\/div>\n\n\n\n<p style=\"text-align: left\" class=\"vc_custom_heading vc_do_custom_heading wpb_animate_when_almost_visible wpb_fadeInUp fadeInUp\" >Las donaciones ayudan a Agape a brindar educaci\u00f3n y apoyo a las familias en el \u00e1rea de Des Moines. Haga clic en el bot\u00f3n para hacer una donaci\u00f3n hoy.<\/p><a class=\"nectar-button large regular accent-color  wpb_animate_when_almost_visible wpb_fadeInUp fadeInUp regular-button popmake-donate\"  role=\"button\" style=\"\"  href=\"#\" data-color-override=\"false\" data-hover-color-override=\"false\" data-hover-text-color-override=\"#fff\"><span>Donar<\/span><\/a>\n\t\t<\/div> \n\t<\/div>\n\t<\/div> \n\n\t<div  class=\"vc_col-sm-6 wpb_column column_container vc_column_container col child_column no-extra-padding\"   data-padding-pos=\"all\" data-has-bg-color=\"false\" data-bg-color=\"\" data-bg-opacity=\"1\" data-animation=\"\" data-delay=\"0\" >\n\t\t<div class=\"vc_column-inner\" >\n\t\t<div class=\"wpb_wrapper\">\n\t\t\t\n<div class=\"wpb_text_column wpb_content_element  wpb_animate_when_almost_visible wpb_fadeInUp fadeInUp\" >\n\t<div class=\"wpb_wrapper\">\n\t\t<h3><strong>DONACIONES PLANIFICADAS<br \/>\n<\/strong><\/h3>\n\t<\/div>\n<\/div>\n\n\n\n<p style=\"text-align: left\" class=\"vc_custom_heading vc_do_custom_heading wpb_animate_when_almost_visible wpb_fadeInUp fadeInUp\" >Agradecemos las donaciones directamente al fondo general o a trav\u00e9s de nuestro fondo de dotaci\u00f3n. Las dotaciones se invierten y reservan para que los activos originales puedan proporcionar ingresos continuos en los a\u00f1os venideros.<\/p><a class=\"nectar-button large regular extra-color-1 has-icon  wpb_animate_when_almost_visible wpb_fadeInUp fadeInUp regular-button\"  role=\"button\" style=\"\"  href=\"\/es\/planned-giving\/\" data-color-override=\"false\" data-hover-color-override=\"false\" data-hover-text-color-override=\"#fff\"><span>Obtener mas informacion<\/span><i  class=\"icon-button-arrow\"><\/i><\/a>\n\t\t<\/div> \n\t<\/div>\n\t<\/div> \n<\/div><\/div><div class=\"divider-wrap\" data-alignment=\"default\"><div style=\"height: 50px;\" class=\"divider\"><\/div><\/div><h2 style=\"font-size: 24px;color: #565656;text-align: center\" class=\"vc_custom_heading vc_do_custom_heading wpb_animate_when_almost_visible wpb_fadeIn fadeIn\" >EIN #: 42-1249643<\/h2>\n\t\t\t<\/div> \n\t\t<\/div>\n\t<\/div> \n<\/div><\/div>","protected":false},"excerpt":{"rendered":"DONAR EN L\u00cdNEA Las donaciones ayudan a Agape a brindar educaci\u00f3n y apoyo a las familias en el \u00e1rea de Des Moines. Haga clic en el bot\u00f3n para hacer una donaci\u00f3n hoy. Donaci\u00f3n PLANIFICADA...","protected":false},"author":6,"featured_media":0,"parent":0,"menu_order":0,"comment_status":"closed","ping_status":"closed","template":"","meta":{"_acf_changed":false,"om_disable_all_campaigns":false,"_monsterinsights_skip_tracking":false,"_monsterinsights_sitenote_active":false,"_monsterinsights_sitenote_note":"","_monsterinsights_sitenote_category":0,"_uf_show_specific_survey":0,"_uf_disable_surveys":false,"footnotes":"","_links_to":"","_links_to_target":""},"class_list":["post-12872","page","type-page","status-publish"],"acf":[],"yoast_head":"<!-- This site is optimized with the Yoast SEO Premium plugin v27.2 (Yoast SEO v27.2) - https:\/\/yoast.com\/product\/yoast-seo-premium-wordpress\/ -->\n<title>Give - AGAPE<\/title>\n<meta name=\"description\" content=\"Give now to Agape Pregnancy Resource Center. Your donations enable us to provide education and support for families in Des Moines, Iowa.\" \/>\n<meta name=\"robots\" content=\"index, follow, max-snippet:-1, max-image-preview:large, max-video-preview:-1\" \/>\n<link rel=\"canonical\" href=\"https:\/\/agapedsm.com\/es\/give\/\" \/>\n<meta property=\"og:locale\" content=\"es_MX\" \/>\n<meta property=\"og:type\" content=\"article\" \/>\n<meta property=\"og:title\" content=\"Give\" \/>\n<meta property=\"og:description\" content=\"Give now to Agape Pregnancy Resource Center. Your donations enable us to provide education and support for families in Des Moines, Iowa.\" \/>\n<meta property=\"og:url\" content=\"https:\/\/agapedsm.com\/es\/give\/\" \/>\n<meta property=\"og:site_name\" content=\"AGAPE\" \/>\n<meta property=\"article:publisher\" content=\"https:\/\/www.facebook.com\/AgapeDSM\/\" \/>\n<meta property=\"article:modified_time\" content=\"2023-11-28T14:18:12+00:00\" \/>\n<meta name=\"twitter:card\" content=\"summary_large_image\" \/>\n<meta name=\"twitter:label1\" content=\"Tiempo de lectura\" \/>\n\t<meta name=\"twitter:data1\" content=\"1 minuto\" \/>\n<script type=\"application\/ld+json\" class=\"yoast-schema-graph\">{\"@context\":\"https:\/\/schema.org\",\"@graph\":[{\"@type\":\"WebPage\",\"@id\":\"https:\/\/agapedsm.com\/give\/\",\"url\":\"https:\/\/agapedsm.com\/give\/\",\"name\":\"Give - AGAPE\",\"isPartOf\":{\"@id\":\"https:\/\/agapedsm.com\/#website\"},\"datePublished\":\"2022-08-31T00:45:43+00:00\",\"dateModified\":\"2023-11-28T14:18:12+00:00\",\"description\":\"Give now to Agape Pregnancy Resource Center. Your donations enable us to provide education and support for families in Des Moines, Iowa.\",\"breadcrumb\":{\"@id\":\"https:\/\/agapedsm.com\/give\/#breadcrumb\"},\"inLanguage\":\"es\",\"potentialAction\":[{\"@type\":\"ReadAction\",\"target\":[\"https:\/\/agapedsm.com\/give\/\"]}]},{\"@type\":\"BreadcrumbList\",\"@id\":\"https:\/\/agapedsm.com\/give\/#breadcrumb\",\"itemListElement\":[{\"@type\":\"ListItem\",\"position\":1,\"name\":\"Home\",\"item\":\"https:\/\/agapedsm.com\/\"},{\"@type\":\"ListItem\",\"position\":2,\"name\":\"Give\"}]},{\"@type\":\"WebSite\",\"@id\":\"https:\/\/agapedsm.com\/#website\",\"url\":\"https:\/\/agapedsm.com\/\",\"name\":\"AGAPE\",\"description\":\"Providing Help. Giving Hope.\",\"publisher\":{\"@id\":\"https:\/\/agapedsm.com\/#organization\"},\"potentialAction\":[{\"@type\":\"SearchAction\",\"target\":{\"@type\":\"EntryPoint\",\"urlTemplate\":\"https:\/\/agapedsm.com\/?s={search_term_string}\"},\"query-input\":{\"@type\":\"PropertyValueSpecification\",\"valueRequired\":true,\"valueName\":\"search_term_string\"}}],\"inLanguage\":\"es\"},{\"@type\":\"Organization\",\"@id\":\"https:\/\/agapedsm.com\/#organization\",\"name\":\"AGAPE\",\"url\":\"https:\/\/agapedsm.com\/\",\"logo\":{\"@type\":\"ImageObject\",\"inLanguage\":\"es\",\"@id\":\"https:\/\/agapedsm.com\/#\/schema\/logo\/image\/\",\"url\":\"https:\/\/agapedsm.com\/wp-content\/uploads\/2024\/03\/Agape-V_Tag-Color.png\",\"contentUrl\":\"https:\/\/agapedsm.com\/wp-content\/uploads\/2024\/03\/Agape-V_Tag-Color.png\",\"width\":1843,\"height\":1366,\"caption\":\"AGAPE\"},\"image\":{\"@id\":\"https:\/\/agapedsm.com\/#\/schema\/logo\/image\/\"},\"sameAs\":[\"https:\/\/www.facebook.com\/AgapeDSM\/\",\"https:\/\/www.instagram.com\/agapedsm\/\"]}]}<\/script>\n<!-- \/ Yoast SEO Premium plugin. -->","yoast_head_json":{"title":"Give - AGAPE","description":"Give now to Agape Pregnancy Resource Center. Your donations enable us to provide education and support for families in Des Moines, Iowa.","robots":{"index":"index","follow":"follow","max-snippet":"max-snippet:-1","max-image-preview":"max-image-preview:large","max-video-preview":"max-video-preview:-1"},"canonical":"https:\/\/agapedsm.com\/es\/give\/","og_locale":"es_MX","og_type":"article","og_title":"Give","og_description":"Give now to Agape Pregnancy Resource Center. Your donations enable us to provide education and support for families in Des Moines, Iowa.","og_url":"https:\/\/agapedsm.com\/es\/give\/","og_site_name":"AGAPE","article_publisher":"https:\/\/www.facebook.com\/AgapeDSM\/","article_modified_time":"2023-11-28T14:18:12+00:00","twitter_card":"summary_large_image","twitter_misc":{"Tiempo de lectura":"1 minuto"},"schema":{"@context":"https:\/\/schema.org","@graph":[{"@type":"WebPage","@id":"https:\/\/agapedsm.com\/give\/","url":"https:\/\/agapedsm.com\/give\/","name":"Give - AGAPE","isPartOf":{"@id":"https:\/\/agapedsm.com\/#website"},"datePublished":"2022-08-31T00:45:43+00:00","dateModified":"2023-11-28T14:18:12+00:00","description":"Give now to Agape Pregnancy Resource Center. Your donations enable us to provide education and support for families in Des Moines, Iowa.","breadcrumb":{"@id":"https:\/\/agapedsm.com\/give\/#breadcrumb"},"inLanguage":"es","potentialAction":[{"@type":"ReadAction","target":["https:\/\/agapedsm.com\/give\/"]}]},{"@type":"BreadcrumbList","@id":"https:\/\/agapedsm.com\/give\/#breadcrumb","itemListElement":[{"@type":"ListItem","position":1,"name":"Home","item":"https:\/\/agapedsm.com\/"},{"@type":"ListItem","position":2,"name":"Give"}]},{"@type":"WebSite","@id":"https:\/\/agapedsm.com\/#website","url":"https:\/\/agapedsm.com\/","name":"\u00c1GAPE","description":"Proporcionar ayuda. Dando esperanza.","publisher":{"@id":"https:\/\/agapedsm.com\/#organization"},"potentialAction":[{"@type":"SearchAction","target":{"@type":"EntryPoint","urlTemplate":"https:\/\/agapedsm.com\/?s={search_term_string}"},"query-input":{"@type":"PropertyValueSpecification","valueRequired":true,"valueName":"search_term_string"}}],"inLanguage":"es"},{"@type":"Organization","@id":"https:\/\/agapedsm.com\/#organization","name":"\u00c1GAPE","url":"https:\/\/agapedsm.com\/","logo":{"@type":"ImageObject","inLanguage":"es","@id":"https:\/\/agapedsm.com\/#\/schema\/logo\/image\/","url":"https:\/\/agapedsm.com\/wp-content\/uploads\/2024\/03\/Agape-V_Tag-Color.png","contentUrl":"https:\/\/agapedsm.com\/wp-content\/uploads\/2024\/03\/Agape-V_Tag-Color.png","width":1843,"height":1366,"caption":"AGAPE"},"image":{"@id":"https:\/\/agapedsm.com\/#\/schema\/logo\/image\/"},"sameAs":["https:\/\/www.facebook.com\/AgapeDSM\/","https:\/\/www.instagram.com\/agapedsm\/"]}]}},"_links":{"self":[{"href":"https:\/\/agapedsm.com\/es\/wp-json\/wp\/v2\/pages\/12872","targetHints":{"allow":["GET"]}}],"collection":[{"href":"https:\/\/agapedsm.com\/es\/wp-json\/wp\/v2\/pages"}],"about":[{"href":"https:\/\/agapedsm.com\/es\/wp-json\/wp\/v2\/types\/page"}],"author":[{"embeddable":true,"href":"https:\/\/agapedsm.com\/es\/wp-json\/wp\/v2\/users\/6"}],"replies":[{"embeddable":true,"href":"https:\/\/agapedsm.com\/es\/wp-json\/wp\/v2\/comments?post=12872"}],"version-history":[{"count":0,"href":"https:\/\/agapedsm.com\/es\/wp-json\/wp\/v2\/pages\/12872\/revisions"}],"wp:attachment":[{"href":"https:\/\/agapedsm.com\/es\/wp-json\/wp\/v2\/media?parent=12872"}],"curies":[{"name":"wp","href":"https:\/\/api.w.org\/{rel}","templated":true}]}}